{"id":1106,"date":"2019-01-18T18:18:56","date_gmt":"2019-01-18T17:18:56","guid":{"rendered":"http:\/\/www.mj-lagrange.org\/?page_id=1106"},"modified":"2023-06-20T10:33:43","modified_gmt":"2023-06-20T08:33:43","slug":"votre-intention-de-priere-confiee-a-lintercession-du-pere-lagrange","status":"publish","type":"page","link":"https:\/\/www.mj-lagrange.org\/?page_id=1106","title":{"rendered":"Votre intention de pri\u00e8re confi\u00e9e \u00e0 l&rsquo;intercession du p\u00e8re Lagrange"},"content":{"rendered":"<div class=\"fcbkbttn_buttons_block\" id=\"fcbkbttn_left\"><div class=\"fcbkbttn_button\">\n\t\t\t\t\t<a href=\"https:\/\/www.facebook.com\/\" target=\"_blank\">\n\t\t\t\t\t\t<img decoding=\"async\" src=\"https:\/\/mj-lagrange.org\/wp-content\/plugins\/facebook-button-plugin\/images\/standard-facebook-ico.png\" alt=\"Fb-Button\" \/>\n\t\t\t\t\t<\/a>\n\t\t\t\t<\/div><div class=\"fcbkbttn_like \"><fb:like href=\"https:\/\/www.mj-lagrange.org\/?page_id=1106\" action=\"like\" colorscheme=\"light\" layout=\"standard\"  width=\"225px\" size=\"small\"><\/fb:like><\/div><\/div><blockquote><p>\u00ab<span class=\"apple-converted-space\">\u00a0<\/span><em>J\u2019ai toujours mis mon recours en Marie\u2026<\/em>\u00bb<\/p>\n<p>(P. Marie-Joseph Lagrange, septembre 1912)<\/p>\n<p style=\"text-align: right;\"><em>\u00ab\u00a0La pri\u00e8re\u00a0! Cesser de prier, c\u2019est la ruine&#8230;<\/em><span class=\"apple-converted-space\"><i>\u00a0<\/i><\/span><br \/>\n<em>Prier par J\u00e9sus et en J\u00e9sus, c\u2019est le secret, prier par Marie\u2026<\/em><br \/>\n<em>L\u2019Amour s\u2019est d\u00e9vers\u00e9 sur elle et que ne fait-on pas pour ceux qu\u2019on aime\u2026<\/em><br \/>\n<em>Toute ma vie est l\u00e0.<\/em><br \/>\n<em>La r\u00e9flexion est impuissante, tout \u00e9lan, toute \u00e9nergie sombre.<\/em><br \/>\n<em>Un regard de Marie et tout rena\u00eet\u2026<\/em><br \/>\n<em>Quelle exp\u00e9rience et quelle le\u00e7on, quelle manifestation du surnaturel. Marie est le Signe\u00a0!\u00a0\u00bb<\/em><\/p>\n<p style=\"text-align: right;\">(P. Marie-Joseph Lagrange,<span class=\"apple-converted-space\">\u00a0<\/span><em>Journal spirituel, <\/em>24 septembre 1898, Notre-Dame de la Merci)<\/p>\n<\/blockquote>\n<p>&nbsp;<\/p>\n<h2 style=\"text-align: center;\"><span style=\"color: #800000;\">Votre intention confi\u00e9e\u00a0\u00e0 l\u2019intercession de la Vierge Marie <\/span><\/h2>\n<h2 style=\"text-align: center;\"><span style=\"color: #800000;\">et du P. Lagrange.<\/span><\/h2>\n<p>&nbsp;<\/p>\n<h2 style=\"text-align: center;\"><span style=\"color: #800000;\"><strong><a href=\"https:\/\/mj-lagrange.org\/wp-content\/uploads\/2022\/10\/P.-Lagrange-en-1924.jpg\"><img loading=\"lazy\" decoding=\"async\" class=\"alignleft size-medium wp-image-15028\" src=\"https:\/\/mj-lagrange.org\/wp-content\/uploads\/2022\/10\/P.-Lagrange-en-1924-216x300.jpg\" alt=\"\" width=\"216\" height=\"300\" srcset=\"https:\/\/mj-lagrange.org\/wp-content\/uploads\/2022\/10\/P.-Lagrange-en-1924-216x300.jpg 216w, https:\/\/mj-lagrange.org\/wp-content\/uploads\/2022\/10\/P.-Lagrange-en-1924-730x1016.jpg 730w, https:\/\/mj-lagrange.org\/wp-content\/uploads\/2022\/10\/P.-Lagrange-en-1924.jpg 736w\" sizes=\"auto, (max-width: 216px) 100vw, 216px\" \/><\/a><\/strong><\/span><\/h2>\n<h2 style=\"text-align: right;\"><span style=\"color: #800000;\"><strong>Gr\u00e2ces re\u00e7ues par l&rsquo;intercession <\/strong><\/span><\/h2>\n<h2 style=\"text-align: right;\"><span style=\"color: #800000;\"><strong>du P. Lagrange<a href=\"https:\/\/mj-lagrange.org\/wp-content\/uploads\/2022\/10\/Vierge-Marie-et-lEnfant-Jesus.jpg\"><img loading=\"lazy\" decoding=\"async\" class=\"alignright size-medium wp-image-14995\" src=\"https:\/\/mj-lagrange.org\/wp-content\/uploads\/2022\/10\/Vierge-Marie-et-lEnfant-Jesus-237x300.jpg\" alt=\"\" width=\"237\" height=\"300\" srcset=\"https:\/\/mj-lagrange.org\/wp-content\/uploads\/2022\/10\/Vierge-Marie-et-lEnfant-Jesus-237x300.jpg 237w, https:\/\/mj-lagrange.org\/wp-content\/uploads\/2022\/10\/Vierge-Marie-et-lEnfant-Jesus.jpg 632w\" sizes=\"auto, (max-width: 237px) 100vw, 237px\" \/><\/a><\/strong><\/span><\/h2>\n<p style=\"text-align: right;\"><a href=\"mailto:pere.marie-joseph.lagrange@gmail.com\">\u00e9crivez-nous<\/a><\/p>\n<p>&nbsp;<\/p>\n<h3 style=\"text-align: right;\"><\/h3>\n<h3 style=\"text-align: right;\"><\/h3>\n<h3 style=\"text-align: right;\"><\/h3>\n<p style=\"text-align: right;\"><strong>\u00a0<\/strong><\/p>\n","protected":false},"excerpt":{"rendered":"<p>\u00ab\u00a0J\u2019ai toujours mis mon recours en Marie\u2026\u00bb (P. Marie-Joseph Lagrange, septembre 1912) \u00ab\u00a0La pri\u00e8re\u00a0! Cesser de prier, c\u2019est la ruine&#8230;\u00a0 Prier par J\u00e9sus et en J\u00e9sus, c\u2019est le secret, prier par Marie\u2026 L\u2019Amour s\u2019est d\u00e9vers\u00e9 sur elle et que ne fait-on pas pour ceux qu\u2019on aime\u2026 Toute ma vie est l\u00e0. La r\u00e9flexion est impuissante, &#8230;<\/p>\n<p><a href=\"https:\/\/www.mj-lagrange.org\/?page_id=1106\" class=\"more-link\">Continue reading &lsquo;Votre intention de pri\u00e8re confi\u00e9e \u00e0 l&rsquo;intercession du p\u00e8re Lagrange&rsquo; &raquo;<\/a><\/p>\n","protected":false},"author":1,"featured_media":0,"parent":0,"menu_order":0,"comment_status":"closed","ping_status":"closed","template":"","meta":{"footnotes":""},"class_list":["post-1106","page","type-page","status-publish","hentry"],"_links":{"self":[{"href":"https:\/\/www.mj-lagrange.org\/index.php?rest_route=\/wp\/v2\/pages\/1106","targetHints":{"allow":["GET"]}}],"collection":[{"href":"https:\/\/www.mj-lagrange.org\/index.php?rest_route=\/wp\/v2\/pages"}],"about":[{"href":"https:\/\/www.mj-lagrange.org\/index.php?rest_route=\/wp\/v2\/types\/page"}],"author":[{"embeddable":true,"href":"https:\/\/www.mj-lagrange.org\/index.php?rest_route=\/wp\/v2\/users\/1"}],"replies":[{"embeddable":true,"href":"https:\/\/www.mj-lagrange.org\/index.php?rest_route=%2Fwp%2Fv2%2Fcomments&post=1106"}],"version-history":[{"count":60,"href":"https:\/\/www.mj-lagrange.org\/index.php?rest_route=\/wp\/v2\/pages\/1106\/revisions"}],"predecessor-version":[{"id":15484,"href":"https:\/\/www.mj-lagrange.org\/index.php?rest_route=\/wp\/v2\/pages\/1106\/revisions\/15484"}],"wp:attachment":[{"href":"https:\/\/www.mj-lagrange.org\/index.php?rest_route=%2Fwp%2Fv2%2Fmedia&parent=1106"}],"curies":[{"name":"wp","href":"https:\/\/api.w.org\/{rel}","templated":true}]}}