{"id":1126,"date":"2011-06-28T14:28:01","date_gmt":"2011-06-28T12:28:01","guid":{"rendered":"http:\/\/www.mj-lagrange.org\/?page_id=1126"},"modified":"2016-09-02T23:09:13","modified_gmt":"2016-09-02T21:09:13","slug":"bibliographie-du-pere-lagrange","status":"publish","type":"page","link":"https:\/\/www.mj-lagrange.org\/?page_id=1126","title":{"rendered":"Bibliographie du P\u00e8re Marie-Joseph Lagrange des Fr\u00e8res Pr\u00eacheurs"},"content":{"rendered":"<div class=\"fcbkbttn_buttons_block\" id=\"fcbkbttn_left\"><div class=\"fcbkbttn_button\">\n\t\t\t\t\t<a href=\"https:\/\/www.facebook.com\/\" target=\"_blank\">\n\t\t\t\t\t\t<img decoding=\"async\" src=\"https:\/\/mj-lagrange.org\/wp-content\/plugins\/facebook-button-plugin\/images\/standard-facebook-ico.png\" alt=\"Fb-Button\" \/>\n\t\t\t\t\t<\/a>\n\t\t\t\t<\/div><div class=\"fcbkbttn_like \"><fb:like href=\"https:\/\/www.mj-lagrange.org\/?page_id=1126\" action=\"like\" colorscheme=\"light\" layout=\"standard\"  width=\"225px\" size=\"small\"><\/fb:like><\/div><\/div><h2 style=\"text-align: center;\"><a href=\"http:\/\/mj-lagrange.org\/wp-content\/uploads\/2011\/06\/Bibliographie-du-P\u00e8re-M.-J.-Lagrange1.pdf\">\u00a0<\/a><\/h2>\n<p style=\"text-align: center;\"><img loading=\"lazy\" decoding=\"async\" class=\"size-medium wp-image-3472 aligncenter\" src=\"http:\/\/mj-lagrange.org\/wp-content\/uploads\/2012\/07\/P.Lagrange-239x300.jpg\" alt=\"\u00a9 \u00c9cole biblique de J\u00e9rusalem\" width=\"239\" height=\"300\" srcset=\"https:\/\/mj-lagrange.org\/wp-content\/uploads\/2012\/07\/P.Lagrange-239x300.jpg 239w, https:\/\/mj-lagrange.org\/wp-content\/uploads\/2012\/07\/P.Lagrange.jpeg 740w\" sizes=\"auto, (max-width: 239px) 100vw, 239px\" \/><\/p>\n<p style=\"text-align: center;\"><strong><span style=\"text-decoration: underline;\"><a href=\"http:\/\/mj-lagrange.org\/wp-content\/uploads\/2011\/06\/X_Bibliographie-2-du-P\u00e8re-Marie-Joseph-Lagrange.pdf\">Bibliographie du P\u00e8re Marie-Joseph Lagrange des Fr\u00e8res Pr\u00eacheurs<\/a><\/span><span style=\"text-decoration: underline;\"><br \/>\n<\/span><\/strong><\/p>\n<h1 style=\"text-align: center;\"><strong>\u00a0<\/strong><\/h1>\n<p>&nbsp;<\/p>\n<p>&nbsp;<\/p>\n<p>&nbsp;<\/p>\n","protected":false},"excerpt":{"rendered":"<p>\u00a0 Bibliographie du P\u00e8re Marie-Joseph Lagrange des Fr\u00e8res Pr\u00eacheurs \u00a0 &nbsp; &nbsp; &nbsp;<\/p>\n","protected":false},"author":1,"featured_media":0,"parent":0,"menu_order":0,"comment_status":"closed","ping_status":"closed","template":"","meta":{"footnotes":""},"class_list":["post-1126","page","type-page","status-publish","hentry"],"_links":{"self":[{"href":"https:\/\/www.mj-lagrange.org\/index.php?rest_route=\/wp\/v2\/pages\/1126","targetHints":{"allow":["GET"]}}],"collection":[{"href":"https:\/\/www.mj-lagrange.org\/index.php?rest_route=\/wp\/v2\/pages"}],"about":[{"href":"https:\/\/www.mj-lagrange.org\/index.php?rest_route=\/wp\/v2\/types\/page"}],"author":[{"embeddable":true,"href":"https:\/\/www.mj-lagrange.org\/index.php?rest_route=\/wp\/v2\/users\/1"}],"replies":[{"embeddable":true,"href":"https:\/\/www.mj-lagrange.org\/index.php?rest_route=%2Fwp%2Fv2%2Fcomments&post=1126"}],"version-history":[{"count":28,"href":"https:\/\/www.mj-lagrange.org\/index.php?rest_route=\/wp\/v2\/pages\/1126\/revisions"}],"predecessor-version":[{"id":8846,"href":"https:\/\/www.mj-lagrange.org\/index.php?rest_route=\/wp\/v2\/pages\/1126\/revisions\/8846"}],"wp:attachment":[{"href":"https:\/\/www.mj-lagrange.org\/index.php?rest_route=%2Fwp%2Fv2%2Fmedia&parent=1126"}],"curies":[{"name":"wp","href":"https:\/\/api.w.org\/{rel}","templated":true}]}}