{"id":124,"date":"2010-05-30T17:09:46","date_gmt":"2010-05-30T15:09:46","guid":{"rendered":"http:\/\/www.mj-lagrange.org\/?page_id=124"},"modified":"2021-08-14T10:58:29","modified_gmt":"2021-08-14T08:58:29","slug":"bibliographie","status":"publish","type":"page","link":"https:\/\/www.mj-lagrange.org\/?page_id=124","title":{"rendered":"Bibliographie abr\u00e9g\u00e9e"},"content":{"rendered":"<div class=\"fcbkbttn_buttons_block\" id=\"fcbkbttn_left\"><div class=\"fcbkbttn_button\">\n\t\t\t\t\t<a href=\"https:\/\/www.facebook.com\/\" target=\"_blank\">\n\t\t\t\t\t\t<img decoding=\"async\" src=\"https:\/\/mj-lagrange.org\/wp-content\/plugins\/facebook-button-plugin\/images\/standard-facebook-ico.png\" alt=\"Fb-Button\" \/>\n\t\t\t\t\t<\/a>\n\t\t\t\t<\/div><div class=\"fcbkbttn_like \"><fb:like href=\"https:\/\/www.mj-lagrange.org\/?page_id=124\" action=\"like\" colorscheme=\"light\" layout=\"standard\"  width=\"225px\" size=\"small\"><\/fb:like><\/div><\/div><p style=\"text-align: left;\"><span style=\"color: #993300;\"><strong>Quelques \u0153uvres du p\u00e8re Lagrange :<\/strong><\/span><a href=\"http:\/\/mj-lagrange.org\/wp-content\/uploads\/2010\/05\/MJ_Lagrange_002.jpg\"><img loading=\"lazy\" decoding=\"async\" class=\"alignright size-full wp-image-7\" title=\"Marie-Joseph Lagrange\" src=\"http:\/\/mj-lagrange.org\/wp-content\/uploads\/2010\/05\/MJ_Lagrange_002.jpg\" alt=\"\" width=\"150\" height=\"150\" \/><\/a><\/p>\n<p><em>L\u2019\u00c9vangile de J\u00e9sus-Christ<\/em>, Paris, Gabalda, 1928, (voir ci-dessous la nouvelle \u00e9dition 2017).<br \/>\n<em>La M\u00e9thode historique. La critique biblique et l\u2019\u00c9glise<\/em>, Paris, Cerf, 1966.<br \/>\n<em>Le P\u00e8re Lagrange au service de la Bible. Souvenirs personnels<\/em>, Paris, Cerf, 1967.<br \/>\n<em>L\u2019\u00c9criture en \u00c9glise. Choix de portraits et d\u2019ex\u00e9g\u00e8se spirituelle (1890-1937)<\/em>, pr\u00e9sentation par M. Gilbert, s. j.,Paris, Cerf, 1990.<br \/>\n<em>Journal spirituel.<\/em> \u00c9d. du Cerf, Paris, 2014.<br \/>\n<em>L&rsquo;\u00c9vangile de J\u00e9sus Christ avec la synopse \u00e9vang\u00e9lique traduite par le P. Ceslas Lavergne<\/em>,<br \/>\n<em>nouvelle \u00e9dition<\/em>, pr\u00e9face de Jean-Michel Poffet, o.p., pr\u00e9sentation de Manuel Rivero, o.p.,\u00a0Art\u00e8ge Lethielleux, Paris, 2017.<\/p>\n<p style=\"text-align: left;\"><span style=\"color: #993300;\"><strong>Quelques ouvrages consacr\u00e9s au p\u00e8re Lagrange :<\/strong><\/span><\/p>\n<p>F. M. Braun o.p., <em>L&rsquo;\u0152uvre du p\u00e8re Lagrange<\/em>, \u00c9tude et bibliographie, Pr\u00e9face de S. E. le cardinal Tisserant, Pr\u00e9sident de la Commission biblique pontificale, \u00c9ditions de l&rsquo;Imprimerie St-Paul, Fribourg, Suisse, 1943.<br \/>\nJean Guitton, <em>Portrait du p\u00e8re Lagrange, celui qui a r\u00e9concili\u00e9 la science et la foi<\/em>, Paris, Laffont, 1992.<br \/>\nBernard Montagnes, o.p., <em>Le p\u00e8re Lagrange (1855-1938), L&rsquo;ex\u00e9g\u00e8se catholique dans la crise du moderniste<\/em>, Cerf, Paris, 1995.<br \/>\nBernard Montagnes, o.p., <em>Marie-Joseph Lagrange. Une biographie critique<\/em>, Paris, \u00c9d. du Cerf, 2005.<br \/>\nManuel Rivero o.p., <em>Prier 15 jours avec le p\u00e8re Lagrange fondateur de l&rsquo;\u00c9cole biblique de J\u00e9rusalem<\/em>, Bruy\u00e8res-le-Ch\u00e2tel, Nouvelle Cit\u00e9, 2008.<br \/>\nManuel Rivero, o.p.,\u00a0<em>Le P\u00e8re Lagrange et la Vierge Marie. M\u00e9ditations des myst\u00e8res du Rosaire<\/em>, Paris, \u00c9d. du Cerf, 2012.<br \/>\nLouis-Hugues Vincent, o.p., <em>Le p\u00e8re Marie-Joseph Lagrange. Sa vie et son \u0153uvre. <\/em>\u00c9d. Parole et Silence, 2013.<\/p>\n","protected":false},"excerpt":{"rendered":"<p>Quelques \u0153uvres du p\u00e8re Lagrange : L\u2019\u00c9vangile de J\u00e9sus-Christ, Paris, Gabalda, 1928, (voir ci-dessous la nouvelle \u00e9dition 2017). La M\u00e9thode historique. La critique biblique et l\u2019\u00c9glise, Paris, Cerf, 1966. Le P\u00e8re Lagrange au service de la Bible. Souvenirs personnels, Paris, Cerf, 1967. L\u2019\u00c9criture en \u00c9glise. Choix de portraits et d\u2019ex\u00e9g\u00e8se spirituelle (1890-1937), pr\u00e9sentation par M. &#8230;<\/p>\n<p><a href=\"https:\/\/www.mj-lagrange.org\/?page_id=124\" class=\"more-link\">Continue reading &lsquo;Bibliographie abr\u00e9g\u00e9e&rsquo; &raquo;<\/a><\/p>\n","protected":false},"author":1,"featured_media":0,"parent":2,"menu_order":8,"comment_status":"closed","ping_status":"closed","template":"","meta":{"footnotes":""},"class_list":["post-124","page","type-page","status-publish","hentry"],"_links":{"self":[{"href":"https:\/\/www.mj-lagrange.org\/index.php?rest_route=\/wp\/v2\/pages\/124","targetHints":{"allow":["GET"]}}],"collection":[{"href":"https:\/\/www.mj-lagrange.org\/index.php?rest_route=\/wp\/v2\/pages"}],"about":[{"href":"https:\/\/www.mj-lagrange.org\/index.php?rest_route=\/wp\/v2\/types\/page"}],"author":[{"embeddable":true,"href":"https:\/\/www.mj-lagrange.org\/index.php?rest_route=\/wp\/v2\/users\/1"}],"replies":[{"embeddable":true,"href":"https:\/\/www.mj-lagrange.org\/index.php?rest_route=%2Fwp%2Fv2%2Fcomments&post=124"}],"version-history":[{"count":33,"href":"https:\/\/www.mj-lagrange.org\/index.php?rest_route=\/wp\/v2\/pages\/124\/revisions"}],"predecessor-version":[{"id":14469,"href":"https:\/\/www.mj-lagrange.org\/index.php?rest_route=\/wp\/v2\/pages\/124\/revisions\/14469"}],"up":[{"embeddable":true,"href":"https:\/\/www.mj-lagrange.org\/index.php?rest_route=\/wp\/v2\/pages\/2"}],"wp:attachment":[{"href":"https:\/\/www.mj-lagrange.org\/index.php?rest_route=%2Fwp%2Fv2%2Fmedia&parent=124"}],"curies":[{"name":"wp","href":"https:\/\/api.w.org\/{rel}","templated":true}]}}