{"id":2,"date":"2010-05-29T20:56:15","date_gmt":"2010-05-29T18:56:15","guid":{"rendered":"http:\/\/mj-lagrange.org\/\/\/?page_id=2"},"modified":"2026-02-01T16:51:20","modified_gmt":"2026-02-01T15:51:20","slug":"about","status":"publish","type":"page","link":"https:\/\/www.mj-lagrange.org\/","title":{"rendered":"Homme de science, homme de foi"},"content":{"rendered":"<div class=\"fcbkbttn_buttons_block\" id=\"fcbkbttn_left\"><div class=\"fcbkbttn_button\">\n\t\t\t\t\t<a href=\"https:\/\/www.facebook.com\/\" target=\"_blank\">\n\t\t\t\t\t\t<img decoding=\"async\" src=\"https:\/\/mj-lagrange.org\/wp-content\/plugins\/facebook-button-plugin\/images\/standard-facebook-ico.png\" alt=\"Fb-Button\" \/>\n\t\t\t\t\t<\/a>\n\t\t\t\t<\/div><div class=\"fcbkbttn_like \"><fb:like href=\"https:\/\/www.mj-lagrange.org\/\" action=\"like\" colorscheme=\"light\" layout=\"standard\"  width=\"225px\" size=\"small\"><\/fb:like><\/div><\/div><blockquote>\n<h1 style=\"text-align: center;\"><span style=\"color: #993300;\"><strong>Site d\u00e9di\u00e9 au Serviteur de Dieu<\/strong><\/span><\/h1>\n<h1 style=\"text-align: center;\"><span style=\"color: #993300;\"><strong>Marie-Joseph Lagrange <\/strong><strong>des fr\u00e8res Pr\u00eacheurs (Dominicains)\u00a0<\/strong><\/span><\/h1>\n<\/blockquote>\n<p>&nbsp;<\/p>\n<p><a href=\"https:\/\/mj-lagrange.org\/wp-content\/uploads\/2024\/09\/Lagrange-image-8-x-12-Pages-extraites-sans-titre.jpg\"><img loading=\"lazy\" decoding=\"async\" class=\"alignright size-large wp-image-15903\" src=\"https:\/\/mj-lagrange.org\/wp-content\/uploads\/2024\/09\/Lagrange-image-8-x-12-Pages-extraites-sans-titre-724x1024.jpg\" alt=\"\" width=\"724\" height=\"1024\" srcset=\"https:\/\/mj-lagrange.org\/wp-content\/uploads\/2024\/09\/Lagrange-image-8-x-12-Pages-extraites-sans-titre-724x1024.jpg 724w, https:\/\/mj-lagrange.org\/wp-content\/uploads\/2024\/09\/Lagrange-image-8-x-12-Pages-extraites-sans-titre-212x300.jpg 212w, https:\/\/mj-lagrange.org\/wp-content\/uploads\/2024\/09\/Lagrange-image-8-x-12-Pages-extraites-sans-titre-768x1086.jpg 768w, https:\/\/mj-lagrange.org\/wp-content\/uploads\/2024\/09\/Lagrange-image-8-x-12-Pages-extraites-sans-titre-1086x1536.jpg 1086w, https:\/\/mj-lagrange.org\/wp-content\/uploads\/2024\/09\/Lagrange-image-8-x-12-Pages-extraites-sans-titre-1448x2048.jpg 1448w, https:\/\/mj-lagrange.org\/wp-content\/uploads\/2024\/09\/Lagrange-image-8-x-12-Pages-extraites-sans-titre-730x1032.jpg 730w, https:\/\/mj-lagrange.org\/wp-content\/uploads\/2024\/09\/Lagrange-image-8-x-12-Pages-extraites-sans-titre.jpg 1654w\" sizes=\"auto, (max-width: 724px) 100vw, 724px\" \/><\/a><a href=\"https:\/\/mj-lagrange.org\/wp-content\/uploads\/2022\/12\/Priere1-115.jpg\"><br \/>\n<\/a><a href=\"https:\/\/mj-lagrange.org\/wp-content\/uploads\/2024\/09\/LAGRANGE-images8x12-bdef-2_Page_2.jpg\"><img loading=\"lazy\" decoding=\"async\" class=\"alignright size-large wp-image-15904\" src=\"https:\/\/mj-lagrange.org\/wp-content\/uploads\/2024\/09\/LAGRANGE-images8x12-bdef-2_Page_2-724x1024.jpg\" alt=\"\" width=\"724\" height=\"1024\" srcset=\"https:\/\/mj-lagrange.org\/wp-content\/uploads\/2024\/09\/LAGRANGE-images8x12-bdef-2_Page_2-724x1024.jpg 724w, https:\/\/mj-lagrange.org\/wp-content\/uploads\/2024\/09\/LAGRANGE-images8x12-bdef-2_Page_2-212x300.jpg 212w, https:\/\/mj-lagrange.org\/wp-content\/uploads\/2024\/09\/LAGRANGE-images8x12-bdef-2_Page_2-768x1086.jpg 768w, https:\/\/mj-lagrange.org\/wp-content\/uploads\/2024\/09\/LAGRANGE-images8x12-bdef-2_Page_2-1086x1536.jpg 1086w, https:\/\/mj-lagrange.org\/wp-content\/uploads\/2024\/09\/LAGRANGE-images8x12-bdef-2_Page_2-1448x2048.jpg 1448w, https:\/\/mj-lagrange.org\/wp-content\/uploads\/2024\/09\/LAGRANGE-images8x12-bdef-2_Page_2-730x1032.jpg 730w, https:\/\/mj-lagrange.org\/wp-content\/uploads\/2024\/09\/LAGRANGE-images8x12-bdef-2_Page_2.jpg 1654w\" sizes=\"auto, (max-width: 724px) 100vw, 724px\" \/><\/a><\/p>\n<h3 style=\"text-align: center;\"><span style=\"color: #993300;\"><strong>7 mars 1855, Bourg-en-Bresse (Ain) &#8211; 10 mars 1938, St-Maximin (Var). Homme de science, homme de foi<\/strong><\/span><\/h3>\n<h3 style=\"text-align: center;\"><strong><i style=\"color: #993300;\">Fondateur de l&rsquo;\u00c9cole biblique\u00a0<\/i><span style=\"color: #993300;\"><span style=\"caret-color: #993300;\"><i>et<\/i><\/span><\/span><i style=\"color: #993300;\">\u00a0arch\u00e9ologique fran\u00e7aise de J\u00e9rusalem et de la\u00a0<\/i><span style=\"color: #993300;\"><span style=\"caret-color: #993300;\"><i>Revue<\/i><\/span><\/span><i style=\"color: #993300;\">\u00a0biblique<\/i><\/strong><\/h3>\n<h3 style=\"text-align: center;\"><span style=\"color: #993300;\"><strong>\u00a0<\/strong><\/span><\/h3>\n<p><span style=\"color: #333333;\"><strong><em><span style=\"color: #993300;\">La cause de Fr. Marie-Joseph Lagrange a \u00e9t\u00e9 initi\u00e9e et progresse. <span style=\"color: #000000;\">Le dioc\u00e8se d<\/span><\/span><span style=\"color: #000000;\">e<\/span> Fr\u00e9jus-Toulon a fini le proc\u00e8s dioc\u00e9sain pour la b\u00e9atification du Fr. Lagrange. Parmi les nombreux t\u00e9moins de la vie, du travail et des gr\u00e2ces accord\u00e9es par l\u2019intercession de Fr. Marie-Joseph Lagrange, o.p.\u00a0: les papes Paul VI et saint Jean-Paul II qui ont lou\u00e9 celui qui a r\u00e9concili\u00e9 la science et la foi. En 2024, la Positio est en bonne voie.<\/em><\/strong><\/span><\/p>\n<p>Postulateur g\u00e9n\u00e9ral de l&rsquo;Ordre : Fr. Massimo Mancini, o.p.<br \/>\nVice-postulateur : Fr. Manuel Rivero, o.p.<\/p>\n<p style=\"text-align: center;\"><span style=\"color: #993300;\"><strong>Ce site vous est propos\u00e9 par l&rsquo;Association des amis du p\u00e8re Lagrange<\/strong><\/span><br \/>\n<span style=\"color: #000000;\">Couvent des Dominicains &#8211; 9 rue Saint-Fran\u00e7ois-de-Paule 06300 Nice &#8211; France<\/span><br \/>\n<span style=\"color: #000080;\"><span style=\"color: #000000;\">Pr\u00e9sident : Fr. Manuel Rivero o.p. <span style=\"color: #0000ff;\"><strong>\u00a0<\/strong><a style=\"text-align: center; color: #0000ff;\" href=\"mailto:manuel.rivero@free.fr\">manuel.rivero@free.fr <\/a><\/span><\/span><\/span><br \/>\nCourriel association : <a href=\"mailto:pere.marie.joseph.lagrange@gmail.com\">pere.marie.joseph.lagrange@gmail.com<\/a><\/p>\n<p style=\"text-align: center;\"><span style=\"color: #0000ff;\">Facebook : Marie-Joseph Lagrange, dominicain<\/span><\/p>\n<p><iframe loading=\"lazy\" title=\"Pere Marie-Joseph Lagrange O.P..m2t\" width=\"730\" height=\"411\" src=\"https:\/\/www.youtube.com\/embed\/FwImMZ9jdLk?feature=oembed\" frameborder=\"0\" allow=\"accelerometer; autoplay; clipboard-write; encrypted-media; gyroscope; picture-in-picture; web-share\" referrerpolicy=\"strict-origin-when-cross-origin\" allowfullscreen><\/iframe><\/p>\n<blockquote>\n<h2 style=\"text-align: center;\"><span style=\"color: #000000;\"><span style=\"caret-color: #993300; color: #993300;\"><b>CHAQUE MOIS, LE 10<\/b><\/span><span style=\"color: #993300;\"><i>, <\/i><\/span><strong><i><span style=\"color: #993300;\">jour-anniversaire de la \u00ab\u00a0naissance au ciel\u00a0\u00bb <\/span><\/i><\/strong><\/span><\/h2>\n<h2 style=\"text-align: center;\"><span style=\"color: #000000;\"><strong><i><span style=\"color: #993300;\">du p\u00e8re Lagrange<\/span>, UNE MESSE EST C\u00c9L\u00c9BR\u00c9E par Fr. Manuel Rivero o.p., vice-postulateur et\u00a0<\/i><span style=\"caret-color: #800000;\"><i>pr\u00e9sident<\/i><\/span><i>\u00a0de l&rsquo;association, aux intentions de ceux qui se confient \u00e0 l\u2019intercession du p\u00e8re Marie-Joseph Lagrange,<\/i><\/strong><strong> o.p.\u00a0<\/strong><strong><em>et pour la prochaine b\u00e9atification de ce grand serviteur de Dieu.<\/em><\/strong><\/span><\/h2>\n<\/blockquote>\n<h3 style=\"text-align: left;\"><\/h3>\n<blockquote>\n<h2 style=\"text-align: center;\"><span style=\"color: #993300;\"><em>POUR PRIER :<\/em><\/span><a href=\"https:\/\/mj-lagrange.org\/wp-content\/uploads\/2021\/08\/Prayer.jpg\"><img loading=\"lazy\" decoding=\"async\" class=\"aligncenter size-full wp-image-14470\" src=\"https:\/\/mj-lagrange.org\/wp-content\/uploads\/2021\/08\/Prayer.jpg\" alt=\"\" width=\"683\" height=\"1024\" srcset=\"https:\/\/mj-lagrange.org\/wp-content\/uploads\/2021\/08\/Prayer.jpg 683w, https:\/\/mj-lagrange.org\/wp-content\/uploads\/2021\/08\/Prayer-200x300.jpg 200w\" sizes=\"auto, (max-width: 683px) 100vw, 683px\" \/><\/a><\/h2>\n<h3><a href=\"https:\/\/mj-lagrange.org\/wp-content\/uploads\/2021\/08\/Priere-ES.jpg\"><img loading=\"lazy\" decoding=\"async\" class=\"aligncenter size-full wp-image-14471\" src=\"https:\/\/mj-lagrange.org\/wp-content\/uploads\/2021\/08\/Priere-ES.jpg\" alt=\"\" width=\"655\" height=\"1024\" srcset=\"https:\/\/mj-lagrange.org\/wp-content\/uploads\/2021\/08\/Priere-ES.jpg 655w, https:\/\/mj-lagrange.org\/wp-content\/uploads\/2021\/08\/Priere-ES-192x300.jpg 192w\" sizes=\"auto, (max-width: 655px) 100vw, 655px\" \/><\/a><\/h3>\n<\/blockquote>\n<h3 style=\"text-align: center;\"><\/h3>\n<blockquote>\n<h4 style=\"text-align: center;\"><strong><span style=\"caret-color: #993300; color: #000000;\"><span style=\"color: #993300;\"><i><span style=\"color: #000000;\">Pour vos intentions de pri\u00e8re et pour informer des gr\u00e2ces re\u00e7ues\u00a0s&rsquo;adresser \u00e0\u00a0<\/span><\/i><\/span><\/span><\/strong><span style=\"color: #0000ff;\"><a style=\"text-align: center; color: #0000ff;\" href=\"mailto:manuel.rivero@free.fr\">manuel.rivero@free.fr<\/a><\/span><\/h4>\n<\/blockquote>\n<p><span style=\"color: #993300;\"><strong><em><a style=\"color: #993300;\" href=\"https:\/\/www.mj-lagrange.org\/?p=13396\"><span style=\"color: #000000;\">Vous pouvez nous aider en devenant \u00a0ADH\u00c9RENT<\/span><\/a><\/em><em><a style=\"color: #993300;\" href=\"https:\/\/www.mj-lagrange.org\/?p=13396\"><span style=\"color: #000000;\">\u00a0de l&rsquo;Association des amis du p\u00e8re Lagrange &#8211; Un bulletin est joint \u00e0 compl\u00e9ter et \u00e0 nous retourner \u00e0 l&rsquo;adresse de ASSOCIATION<\/span><\/a><\/em><em><a style=\"color: #993300;\" href=\"https:\/\/www.mj-lagrange.org\/?p=13396\"><span style=\"color: #000000;\"> DES<\/span><\/a><\/em><em><a style=\"color: #993300;\" href=\"https:\/\/www.mj-lagrange.org\/?p=13396\"><span style=\"color: #000000;\"> AMIS<\/span><\/a><\/em><em><a style=\"color: #993300;\" href=\"https:\/\/www.mj-lagrange.org\/?p=13396\"><span style=\"color: #000000;\"> DU P\u00c8RE LAGRANGE &#8211; Couvent des Dominicains, 9 rue St-Fran\u00e7ois-de-Paule- 06300 Nice<\/span><span style=\"color: #000000;\">\u00a0<\/span><\/a><\/em><\/strong><\/span><\/p>\n<h3 style=\"text-align: center;\"><span style=\"color: #993300;\">BULLETIN D&rsquo;ADH\u00c9SION 2026 :<\/span><\/h3>\n<p style=\"text-align: center;\"><a href=\"https:\/\/mj-lagrange.org\/wp-content\/uploads\/2026\/02\/Adhesion-2026-JPEG.jpeg\"><img loading=\"lazy\" decoding=\"async\" class=\"alignleft wp-image-16328 size-full\" src=\"https:\/\/mj-lagrange.org\/wp-content\/uploads\/2026\/02\/Adhesion-2026-JPEG.jpeg\" alt=\"\" width=\"845\" height=\"1167\" srcset=\"https:\/\/mj-lagrange.org\/wp-content\/uploads\/2026\/02\/Adhesion-2026-JPEG.jpeg 845w, https:\/\/mj-lagrange.org\/wp-content\/uploads\/2026\/02\/Adhesion-2026-JPEG-217x300.jpeg 217w, https:\/\/mj-lagrange.org\/wp-content\/uploads\/2026\/02\/Adhesion-2026-JPEG-741x1024.jpeg 741w, https:\/\/mj-lagrange.org\/wp-content\/uploads\/2026\/02\/Adhesion-2026-JPEG-768x1061.jpeg 768w, https:\/\/mj-lagrange.org\/wp-content\/uploads\/2026\/02\/Adhesion-2026-JPEG-730x1008.jpeg 730w\" sizes=\"auto, (max-width: 845px) 100vw, 845px\" \/><\/a><\/p>\n<p>&nbsp;<\/p>\n<h3><\/h3>\n<h3><\/h3>\n<h3><\/h3>\n<h3><\/h3>\n<h3><\/h3>\n<h3><\/h3>\n<h3><\/h3>\n<h3><\/h3>\n<h3><\/h3>\n<h3><\/h3>\n<h3><\/h3>\n<h3><\/h3>\n<h3><\/h3>\n<h3><\/h3>\n<h3><\/h3>\n<h3><\/h3>\n<h3><\/h3>\n<h3><\/h3>\n<h3><\/h3>\n<h3><\/h3>\n<h3><\/h3>\n<h3><\/h3>\n<h3><\/h3>\n<h3><\/h3>\n<h3><\/h3>\n<h3><\/h3>\n<h3><span style=\"color: #993300;\"><span style=\"caret-color: #993300;\"><b><i>LIVRES PARUS :\u00a0<\/i><\/b><\/span><\/span><a style=\"text-decoration: underline; color: #0000ff;\" href=\"http:\/\/mj-lagrange.org\/wp-content\/uploads\/2010\/05\/2017-Marie-Joseph-Lagrange-livres-parus-.pdf\"><span style=\"color: #0000ff; text-decoration: underline;\">\u00a0cliquer ici<\/span><\/a><\/h3>\n<h3 style=\"text-align: left;\"><\/h3>\n","protected":false},"excerpt":{"rendered":"<p>Site d\u00e9di\u00e9 au Serviteur de Dieu Marie-Joseph Lagrange des fr\u00e8res Pr\u00eacheurs (Dominicains)\u00a0 &nbsp; 7 mars 1855, Bourg-en-Bresse (Ain) &#8211; 10 mars 1938, St-Maximin (Var). Homme de science, homme de foi Fondateur de l&rsquo;\u00c9cole biblique\u00a0et\u00a0arch\u00e9ologique fran\u00e7aise de J\u00e9rusalem et de la\u00a0Revue\u00a0biblique \u00a0 La cause de Fr. Marie-Joseph Lagrange a \u00e9t\u00e9 initi\u00e9e et progresse. Le dioc\u00e8se de &#8230;<\/p>\n<p><a href=\"https:\/\/www.mj-lagrange.org\/\" class=\"more-link\">Continue reading &lsquo;Homme de science, homme de foi&rsquo; &raquo;<\/a><\/p>\n","protected":false},"author":1,"featured_media":0,"parent":0,"menu_order":0,"comment_status":"closed","ping_status":"closed","template":"","meta":{"footnotes":""},"class_list":["post-2","page","type-page","status-publish","hentry"],"_links":{"self":[{"href":"https:\/\/www.mj-lagrange.org\/index.php?rest_route=\/wp\/v2\/pages\/2","targetHints":{"allow":["GET"]}}],"collection":[{"href":"https:\/\/www.mj-lagrange.org\/index.php?rest_route=\/wp\/v2\/pages"}],"about":[{"href":"https:\/\/www.mj-lagrange.org\/index.php?rest_route=\/wp\/v2\/types\/page"}],"author":[{"embeddable":true,"href":"https:\/\/www.mj-lagrange.org\/index.php?rest_route=\/wp\/v2\/users\/1"}],"replies":[{"embeddable":true,"href":"https:\/\/www.mj-lagrange.org\/index.php?rest_route=%2Fwp%2Fv2%2Fcomments&post=2"}],"version-history":[{"count":409,"href":"https:\/\/www.mj-lagrange.org\/index.php?rest_route=\/wp\/v2\/pages\/2\/revisions"}],"predecessor-version":[{"id":16331,"href":"https:\/\/www.mj-lagrange.org\/index.php?rest_route=\/wp\/v2\/pages\/2\/revisions\/16331"}],"wp:attachment":[{"href":"https:\/\/www.mj-lagrange.org\/index.php?rest_route=%2Fwp%2Fv2%2Fmedia&parent=2"}],"curies":[{"name":"wp","href":"https:\/\/api.w.org\/{rel}","templated":true}]}}