{"id":228,"date":"2010-08-22T15:08:34","date_gmt":"2010-08-22T13:08:34","guid":{"rendered":"http:\/\/www.mj-lagrange.org\/?page_id=228"},"modified":"2011-07-25T12:06:40","modified_gmt":"2011-07-25T10:06:40","slug":"ti%e1%bb%83u-s%e1%bb%ad","status":"publish","type":"page","link":"https:\/\/www.mj-lagrange.org\/?page_id=228&lang=vi","title":{"rendered":"Ti\u1ec3u S\u1eed"},"content":{"rendered":"<div class=\"fcbkbttn_buttons_block\" id=\"fcbkbttn_left\"><div class=\"fcbkbttn_button\">\n\t\t\t\t\t<a href=\"https:\/\/www.facebook.com\/\" target=\"_blank\">\n\t\t\t\t\t\t<img decoding=\"async\" src=\"https:\/\/mj-lagrange.org\/wp-content\/plugins\/facebook-button-plugin\/images\/standard-facebook-ico.png\" alt=\"Fb-Button\" \/>\n\t\t\t\t\t<\/a>\n\t\t\t\t<\/div><div class=\"fcbkbttn_like \"><fb:like href=\"https:\/\/www.mj-lagrange.org\/?page_id=228&lang=vi\" action=\"like\" colorscheme=\"light\" layout=\"standard\"  width=\"225px\" size=\"small\"><\/fb:like><\/div><\/div><p><a href=\"http:\/\/mj-lagrange.org\/wp-content\/uploads\/2010\/05\/MJ_Lagrange_005.jpg\"><img loading=\"lazy\" decoding=\"async\" class=\"alignleft size-full wp-image-6\" title=\"Marie-Joseph Lagrange\" src=\"http:\/\/mj-lagrange.org\/wp-content\/uploads\/2010\/05\/MJ_Lagrange_005.jpg\" alt=\"\" width=\"149\" height=\"220\" \/><\/a>Cha Albert Lagrange sinh ng\u00e0y 7 th\u00e1ng 3 n\u0103m 1855, t\u1ea1i Bourg-en-Brese, gi\u00e1o ph\u1eadn Belley-Ars (mi\u1ec1n Nam n\u01b0\u1edbc Ph\u00e1p). N\u0103m l\u00ean 3, c\u1eadu vinh h\u1ea1nh \u0111\u01b0\u1ee3c cha s\u1edf h\u1ecd Ars (Gioan-Maria Vianney) ch\u00fac l\u00e0nh.<\/p>\n<p>Sau khi h\u1ecdc xong ch\u01b0\u01a1ng tr\u00ecnh ph\u1ed5 th\u00f4ng t\u1ea1i ti\u1ec3u ch\u1ee7ng vi\u1ec7n Autun, c\u1eadu theo h\u1ecdc Lu\u1eadt t\u1ea1i Paris cho t\u1edbi khi \u0111\u1eadu ti\u1ebfn s\u0129. Say m\u00ea v\u1edbi l\u00fd t\u01b0\u1edfng c\u1ee7a th\u00e1nh \u0110a minh trong cu\u1ed1n \u201c linh h\u1ed3n trong s\u1ea1ch\u201d, c\u1eadu xin gia nh\u1eadp th\u1ec9nh vi\u1ec7n \u1edf Issy-les-Moulineaux (1878 \u2013 1879), r\u1ed3i v\u00e0o t\u1eadp vi\u1ec7n D\u00f2ng anh em gi\u1ea3ng thuy\u1ebft \u1edf Saint-Maximin\u00a0; t\u1ea1i \u0111\u00e2y, c\u1eadu \u0111\u00e3 \u0111\u01b0\u1ee3c l\u00e3nh tu ph\u1ee5c t\u1eeb tay cha Gi\u00e1m t\u1ec9nh Hyacinthe-Marie Cormier, ng\u01b0\u1eddi \u0111\u00e3 \u0111\u01b0\u1ee3c \u0110\u1ee9c th\u00e1nh cha Gioan-Phaolo II phong l\u00ean b\u1eadc ch\u00e2n ph\u01b0\u1edbc. V\u00e0o cu\u1ed1i n\u0103m t\u1eadp 1880, do l\u1ec7nh tr\u1ee5c xu\u1ea5t c\u00e1c tu s\u0129, \u0111\u00e3 bu\u1ed9c nh\u1eefng anh em \u0110a Minh ph\u1ea3i r\u1eddi kh\u1ecfi n\u01b0\u1edbc Ph\u00e1p\u00a0; V\u00e0 anh em \u0111\u00e3 \u0111\u01b0\u1ee3c c\u00e1c anh em \u0110a Minh T\u00e2y Ban Nha thu\u1ed9c tu vi\u1ec7n Saint-Etienne \u1edf Salamanca ti\u1ebfp \u0111\u00f3n. T\u1ea1i \u0111\u00e2y, th\u1ea7y Lagrange \u0111\u00e3 theo h\u1ecdc m\u00f4n th\u1ea7n h\u1ecdc th\u00e1nh T\u00f4ma Aquin\u00f4 v\u00e0 m\u00f4n th\u1ea7n h\u1ecdc huy\u1ec1n b\u00ed c\u1ee7a th\u00e1nh T\u00ear\u00eaxa th\u00e0nh Avila. Ng\u00e0y 22\/12\/1883, th\u1ea7y \u0111\u00e3 \u0111\u01b0\u1ee3c th\u1ee5 phong linh m\u1ee5c t\u1ea1i Zamora.<\/p>\n<p>Mang n\u01a1i m\u00ecnh ni\u1ec1m \u0111am m\u00ea m\u00e3nh li\u1ec7t v\u1ec1 vi\u1ec7c nghi\u00ean c\u1ee9u Th\u00e1nh khoa, cha Lagrange \u0111\u01b0\u1ee3c g\u1eedi \u0111\u1ebfn tu vi\u1ec7n Saint-Etienne, v\u00e0 r\u1ed3i m\u1ed9t h\u1ecdc vi\u1ec7n Kinh th\u00e1nh \u0111\u00e3 \u0111\u01b0\u1ee3c kh\u00e1nh th\u00e0nh ng\u00e0y 15 th\u00e1ng 11 n\u0103m 1890. K\u1ec3 t\u1eeb \u0111\u00f3 cho \u0111\u1ebfn ph\u00fat cu\u1ed1i \u0111\u1eddi, Cha Lagrange d\u00e2ng hi\u1ebfn tr\u1ecdn cu\u1ed9c \u0111\u1eddi cho vi\u1ec7c ph\u1ee5c v\u1ee5 Kinh th\u00e1nh, trong t\u01b0 c\u00e1ch\u00a0: nh\u00e0 nghi\u00ean c\u1ee9u, gi\u00e1o s\u01b0 ch\u00fa gi\u1ea3i, gi\u00e1m \u0111\u1ed1c H\u1ecdc vi\u1ec7n v\u00e0 T\u1ea1p ch\u00ed Kinh Th\u00e1nh (1892)\u00a0; l\u00e0 t\u00e1c gi\u1ea3 c\u1ee7a nhi\u1ec1u s\u00e1ch v\u00e0 c\u00e1c b\u00e0i b\u00e1o, v\u00e0 l\u00e0 nh\u00e0 thuy\u1ebft gi\u1ea3ng\u2026 Ng\u00e0i \u0111\u00e3 s\u1ed1ng t\u1ea1i Gi\u00earusalem 45 n\u0103m. T\u00e1c ph\u1ea9m n\u1ed5i ti\u1ebfng nh\u1ea5t c\u1ee7a ng\u00e0i \u0111\u01b0\u1ee3c bi\u1ebft \u0111\u1ebfn v\u00e0 \u0111\u01b0\u1ee3c d\u1ecbch ra nhi\u1ec1u th\u1ee9 ti\u1ebfng, l\u00e0 cu\u1ed1n \u201cTin m\u1eebng \u0110\u1ee9c Gi\u00easu-Kit\u00f4.\u201d<\/p>\n<p>C\u00f4ng tr\u00ecnh ch\u00fa gi\u1ea3i c\u1ee7a ng\u00e0i th\u1eadt c\u00f4ng phu, x\u1ee9ng \u0111\u00e1ng \u0111\u01b0\u1ee3c gi\u1edbi h\u1ecdc gi\u1ea3 tr\u00ed th\u1ee9c c\u00f4ng gi\u00e1o tr\u00edch d\u1eabn. Tuy nhi\u00ean, trong l\u00e3nh v\u1ef1c Kinh Th\u00e1nh \u0111a d\u1ea1ng, m\u00eanh m\u00f4ng v\u00e0 \u0111\u1ea7y ph\u1ee9c t\u1ea1p, c\u0169ng kh\u00f4ng thi\u1ebfu nh\u1eefng ch\u1ed1ng \u0111\u1ed1i v\u00e0 nh\u1eefng th\u1eed th\u00e1ch. D\u1ea7u v\u1eady, v\u1edbi l\u00f2ng trung th\u00e0nh v\u00e0 t\u1eadn t\u1ee5y, cha Lagrange v\u1eabn can \u0111\u1ea3m theo \u0111u\u1ed5i \u0111\u1ebfn c\u00f9ng, c\u00f4ng cu\u1ed9c nghi\u00ean c\u1ee9u Kinh th\u00e1nh v\u00e0 s\u1ee9 m\u1ea1ng ph\u1ee5c v\u1ee5 Gi\u00e1o h\u1ed9i.<\/p>\n<p>N\u0103m 1935, v\u00ec l\u00fd do s\u1ee9c kh\u1ecfe ng\u00e0i r\u1eddi Gi\u00earusalem \u0111\u1ec3 tr\u1edf v\u1ec1 Ph\u00e1p, v\u00e0 s\u1ed1ng trong tu vi\u1ec7n Saint-Maximin. Ba n\u0103m sau, ng\u00e0y 10\/03\/1938, ng\u00e0i \u0111\u01b0\u1ee3c Ch\u00faa G\u1ecdi v\u1ec1 trong thanh th\u1ea3n v\u00e0 b\u00ecnh an. N\u0103m 1967, di h\u00e0i c\u1ee7a ng\u00e0i \u0111\u01b0\u1ee3c \u0111\u01b0a v\u1ec1 Gi\u00earusalem v\u00e0 \u0111\u1eb7t trong \u0111\u1ea1i th\u00e1nh \u0111\u01b0\u1eddng Saint-Etienne.<\/p>\n","protected":false},"excerpt":{"rendered":"<p>Cha Albert Lagrange sinh ng\u00e0y 7 th\u00e1ng 3 n\u0103m 1855, t\u1ea1i Bourg-en-Brese, gi\u00e1o ph\u1eadn Belley-Ars (mi\u1ec1n Nam n\u01b0\u1edbc Ph\u00e1p). N\u0103m l\u00ean 3, c\u1eadu vinh h\u1ea1nh \u0111\u01b0\u1ee3c cha s\u1edf h\u1ecd Ars (Gioan-Maria Vianney) ch\u00fac l\u00e0nh. Sau khi h\u1ecdc xong ch\u01b0\u01a1ng tr\u00ecnh ph\u1ed5 th\u00f4ng t\u1ea1i ti\u1ec3u ch\u1ee7ng vi\u1ec7n Autun, c\u1eadu theo h\u1ecdc Lu\u1eadt t\u1ea1i Paris cho t\u1edbi &#8230;<\/p>\n<p><a href=\"https:\/\/www.mj-lagrange.org\/?page_id=228&#038;lang=vi\" class=\"more-link\">Continue reading &lsquo;Ti\u1ec3u S\u1eed&rsquo; &raquo;<\/a><\/p>\n","protected":false},"author":2,"featured_media":0,"parent":0,"menu_order":0,"comment_status":"closed","ping_status":"closed","template":"","meta":{"footnotes":""},"class_list":["post-228","page","type-page","status-publish","hentry"],"_links":{"self":[{"href":"https:\/\/www.mj-lagrange.org\/index.php?rest_route=\/wp\/v2\/pages\/228","targetHints":{"allow":["GET"]}}],"collection":[{"href":"https:\/\/www.mj-lagrange.org\/index.php?rest_route=\/wp\/v2\/pages"}],"about":[{"href":"https:\/\/www.mj-lagrange.org\/index.php?rest_route=\/wp\/v2\/types\/page"}],"author":[{"embeddable":true,"href":"https:\/\/www.mj-lagrange.org\/index.php?rest_route=\/wp\/v2\/users\/2"}],"replies":[{"embeddable":true,"href":"https:\/\/www.mj-lagrange.org\/index.php?rest_route=%2Fwp%2Fv2%2Fcomments&post=228"}],"version-history":[{"count":6,"href":"https:\/\/www.mj-lagrange.org\/index.php?rest_route=\/wp\/v2\/pages\/228\/revisions"}],"predecessor-version":[{"id":1252,"href":"https:\/\/www.mj-lagrange.org\/index.php?rest_route=\/wp\/v2\/pages\/228\/revisions\/1252"}],"wp:attachment":[{"href":"https:\/\/www.mj-lagrange.org\/index.php?rest_route=%2Fwp%2Fv2%2Fmedia&parent=228"}],"curies":[{"name":"wp","href":"https:\/\/api.w.org\/{rel}","templated":true}]}}