{"id":2861,"date":"2011-01-10T14:43:26","date_gmt":"2011-01-10T13:43:26","guid":{"rendered":"http:\/\/www.mj-lagrange.org\/?page_id=2861"},"modified":"2018-04-10T10:28:28","modified_gmt":"2018-04-10T08:28:28","slug":"pour-la-glorification-du-serviteur-de-dieu-feuillets-multilingues-a-telecharger-2","status":"publish","type":"page","link":"https:\/\/www.mj-lagrange.org\/?page_id=2861&lang=vi","title":{"rendered":"\u00ab\u00a0Pour la glorification du Serviteur de Dieu\u00a0\u00bb (feuillets multilingues \u00e0 t\u00e9l\u00e9charger)"},"content":{"rendered":"<div class=\"fcbkbttn_buttons_block\" id=\"fcbkbttn_left\"><div class=\"fcbkbttn_button\">\n\t\t\t\t\t<a href=\"https:\/\/www.facebook.com\/\" target=\"_blank\">\n\t\t\t\t\t\t<img decoding=\"async\" src=\"https:\/\/mj-lagrange.org\/wp-content\/plugins\/facebook-button-plugin\/images\/standard-facebook-ico.png\" alt=\"Fb-Button\" \/>\n\t\t\t\t\t<\/a>\n\t\t\t\t<\/div><div class=\"fcbkbttn_like \"><fb:like href=\"https:\/\/www.mj-lagrange.org\/?page_id=2861&lang=vi\" action=\"like\" colorscheme=\"light\" layout=\"standard\"  width=\"225px\" size=\"small\"><\/fb:like><\/div><\/div><p><a href=\"http:\/\/mj-lagrange.org\/wp-content\/uploads\/2011\/01\/Allemand-LagrangeA6-v2.2018.pdf\">Pour la glorification &#8211; Allemand<\/a><\/p>\n<p><a href=\"http:\/\/mj-lagrange.org\/wp-content\/uploads\/2011\/01\/Anglais-LagrangeA6-v2.2018.pdf\">Pour la glorification &#8211; Anglais<\/a><\/p>\n<p><a href=\"http:\/\/mj-lagrange.org\/wp-content\/uploads\/2011\/01\/Chinois-LagrangeA6-v2.2018.pdf\">Pour la glorification &#8211; Chinois<\/a><\/p>\n<p><a href=\"http:\/\/mj-lagrange.org\/wp-content\/uploads\/2011\/01\/Cr\u00e9ole-ha\u00eftien-LagrangeA6.2018-.pdf\">Pour la glorification &#8211; Cr\u00e9ole ha\u00eftien<\/a><\/p>\n<p><a href=\"http:\/\/mj-lagrange.org\/wp-content\/uploads\/2011\/01\/Espagnol-LagrangeA6-v2.2018.pdf\">Pour la glorification &#8211; Espagnol<\/a><\/p>\n<p><a href=\"http:\/\/mj-lagrange.org\/wp-content\/uploads\/2011\/01\/Fran\u00e7ais-LagrangeA6-avril20181.pdf\">Pour la glorification &#8211; Fran\u00e7ais<\/a><\/p>\n<p><a href=\"http:\/\/mj-lagrange.org\/wp-content\/uploads\/2011\/01\/Italien-LagrangeA6-v2.2018.pdf\">Pour la glorification &#8211; Italien<\/a><\/p>\n<p><a href=\"http:\/\/mj-lagrange.org\/wp-content\/uploads\/2011\/01\/Malgache-Lagrange-pf484ko.2018.pdf\">Pour la glorification &#8211; Malgache<\/a><\/p>\n<p><a href=\"http:\/\/mj-lagrange.org\/wp-content\/uploads\/2011\/01\/Tagalog-LAGRANGE-Talambuhay-2018.pdf\">Pour la glorification &#8211; Tagalog<\/a><\/p>\n","protected":false},"excerpt":{"rendered":"<p>Pour la glorification &#8211; Allemand Pour la glorification &#8211; Anglais Pour la glorification &#8211; Chinois Pour la glorification &#8211; Cr\u00e9ole ha\u00eftien Pour la glorification &#8211; Espagnol Pour la glorification &#8211; Fran\u00e7ais Pour la glorification &#8211; Italien Pour la glorification &#8211; Malgache Pour la glorification &#8211; Tagalog<\/p>\n","protected":false},"author":1,"featured_media":0,"parent":0,"menu_order":0,"comment_status":"closed","ping_status":"closed","template":"","meta":{"footnotes":""},"class_list":["post-2861","page","type-page","status-publish","hentry"],"_links":{"self":[{"href":"https:\/\/www.mj-lagrange.org\/index.php?rest_route=\/wp\/v2\/pages\/2861","targetHints":{"allow":["GET"]}}],"collection":[{"href":"https:\/\/www.mj-lagrange.org\/index.php?rest_route=\/wp\/v2\/pages"}],"about":[{"href":"https:\/\/www.mj-lagrange.org\/index.php?rest_route=\/wp\/v2\/types\/page"}],"author":[{"embeddable":true,"href":"https:\/\/www.mj-lagrange.org\/index.php?rest_route=\/wp\/v2\/users\/1"}],"replies":[{"embeddable":true,"href":"https:\/\/www.mj-lagrange.org\/index.php?rest_route=%2Fwp%2Fv2%2Fcomments&post=2861"}],"version-history":[{"count":8,"href":"https:\/\/www.mj-lagrange.org\/index.php?rest_route=\/wp\/v2\/pages\/2861\/revisions"}],"predecessor-version":[{"id":10015,"href":"https:\/\/www.mj-lagrange.org\/index.php?rest_route=\/wp\/v2\/pages\/2861\/revisions\/10015"}],"wp:attachment":[{"href":"https:\/\/www.mj-lagrange.org\/index.php?rest_route=%2Fwp%2Fv2%2Fmedia&parent=2861"}],"curies":[{"name":"wp","href":"https:\/\/api.w.org\/{rel}","templated":true}]}}