{"id":4048,"date":"2013-07-21T14:34:28","date_gmt":"2013-07-21T12:34:28","guid":{"rendered":"http:\/\/www.mj-lagrange.org\/?page_id=4048"},"modified":"2020-04-17T09:29:09","modified_gmt":"2020-04-17T07:29:09","slug":"gebet","status":"publish","type":"page","link":"https:\/\/www.mj-lagrange.org\/?page_id=4048&lang=de","title":{"rendered":"Gebet"},"content":{"rendered":"<div class=\"fcbkbttn_buttons_block\" id=\"fcbkbttn_left\"><div class=\"fcbkbttn_button\">\n\t\t\t\t\t<a href=\"https:\/\/www.facebook.com\/\" target=\"_blank\">\n\t\t\t\t\t\t<img decoding=\"async\" src=\"https:\/\/mj-lagrange.org\/wp-content\/plugins\/facebook-button-plugin\/images\/standard-facebook-ico.png\" alt=\"Fb-Button\" \/>\n\t\t\t\t\t<\/a>\n\t\t\t\t<\/div><div class=\"fcbkbttn_like \"><fb:like href=\"https:\/\/www.mj-lagrange.org\/?page_id=4048&lang=de\" action=\"like\" colorscheme=\"light\" layout=\"standard\"  width=\"225px\" size=\"small\"><\/fb:like><\/div><\/div><h2 style=\"text-align: center;\"><span style=\"color: #993300;\"><strong>Zur Verherrlichung des Dieners Gottes<\/strong><\/span><\/h2>\n<h2 style=\"text-align: center;\"><span style=\"color: #993300;\"><strong>\u00a0Dominikaner Marie-Joseph Lagrange<\/strong><\/span><\/h2>\n<p>&nbsp;<\/p>\n<p>&nbsp;<\/p>\n<p style=\"text-align: right;\"><span style=\"color: #993300;\"><a href=\"http:\/\/mj-lagrange.org\/wp-content\/uploads\/2014\/12\/P.-Lagrange-.jpg\"><img loading=\"lazy\" decoding=\"async\" class=\"alignleft size-medium wp-image-5952\" src=\"http:\/\/mj-lagrange.org\/wp-content\/uploads\/2014\/12\/P.-Lagrange--227x300.jpg\" alt=\"P. Lagrange--\" width=\"227\" height=\"300\" srcset=\"https:\/\/mj-lagrange.org\/wp-content\/uploads\/2014\/12\/P.-Lagrange--227x300.jpg 227w, https:\/\/mj-lagrange.org\/wp-content\/uploads\/2014\/12\/P.-Lagrange-.jpg 495w\" sizes=\"auto, (max-width: 227px) 100vw, 227px\" \/><\/a><\/span><\/p>\n<blockquote>\n<p style=\"text-align: justify;\"><span style=\"color: #993300;\"><strong>HEILIGE VATER, <\/strong><\/span><strong>Du hast Deinem Diener dem Bruder Marie-Joseph Lagrange Streben nach Wahrheit und Gefallen am Wort Gottes gegeben.<\/strong><\/p>\n<p style=\"text-align: justify;\"><strong>Erleuchtet vom Gesetz Moses, den Propheten und den Psalmen hat er das Mysterium Jesu Christi erforscht und sein Herz hat sich entflammt.<\/strong><\/p>\n<p style=\"text-align: justify;\"><strong>Mit der Jungfrau Maria hat er im Rosenkranzgebet das Evangelium meditiert.<\/strong><\/p>\n<p style=\"text-align: justify;\"><strong>Er hat sein Leben dem wissenschaftlichen Studium del Bibel gewidmet, im Einklang mit dem Glauben an die Heilige Schrift und der Vernunft, um, durch wissenschaftliche Kritik durcheinander gebrachte Seelen zu retten.<\/strong><\/p>\n<p style=\"text-align: justify;\"><strong>Die ihn kannten, haben seinen ausstrahlenden Glauben und seinen vorbildlichen Gehorsam in den Pr\u00fcfungen bezeugt.<\/strong><\/p>\n<p style=\"text-align: justify;\"><strong>Wir bitten Dich, Vater, den Tag n\u00e4herzubringen, an dem die Kirche \u00f6ffentlich die Heiligkeit seines Lebens anerkennt, damit sein wohltuendes Beispiel unsere Br\u00fcder anleite, an das Wort Gottes zu glauben.<\/strong><\/p>\n<p style=\"text-align: justify;\"><strong>M\u00f6ge die F\u00fcrsprache des Bruders Marie-Joseph Lagrange uns die Gnaden erlangen lassen, die wir ben\u00f6tigen, besonders: (<em>angeben welche<\/em>).<\/strong><\/p>\n<p style=\"text-align: justify;\"><strong>Dies bitten wir Dich, Vater, im Namen Deines Sohnes Jesu Christi, in der Gemeinschaft des Heiligen Geistes, einem einzigen lebendigen Gott, von Ewigkeit zu Ewigkeit.<\/strong><\/p>\n<p style=\"text-align: justify;\"><strong>Amen.<\/strong><\/p>\n<\/blockquote>\n<p style=\"text-align: right;\"><strong>Fr. Manuel Rivero, o. p.<\/strong><\/p>\n<p style=\"text-align: right;\"><strong>Pr\u00e4sident des Vereins der Amis du P\u00e8re Lagrange<\/strong><\/p>\n","protected":false},"excerpt":{"rendered":"<p>Zur Verherrlichung des Dieners Gottes \u00a0Dominikaner Marie-Joseph Lagrange &nbsp; &nbsp; HEILIGE VATER, Du hast Deinem Diener dem Bruder Marie-Joseph Lagrange Streben nach Wahrheit und Gefallen am Wort Gottes gegeben. Erleuchtet vom Gesetz Moses, den Propheten und den Psalmen hat er das Mysterium Jesu Christi erforscht und sein Herz hat sich entflammt. Mit der Jungfrau Maria &#8230;<\/p>\n<p><a href=\"https:\/\/www.mj-lagrange.org\/?page_id=4048&#038;lang=de\" class=\"more-link\">Continue reading &lsquo;Gebet&rsquo; &raquo;<\/a><\/p>\n","protected":false},"author":1,"featured_media":0,"parent":0,"menu_order":0,"comment_status":"closed","ping_status":"closed","template":"","meta":{"footnotes":""},"class_list":["post-4048","page","type-page","status-publish","hentry"],"_links":{"self":[{"href":"https:\/\/www.mj-lagrange.org\/index.php?rest_route=\/wp\/v2\/pages\/4048","targetHints":{"allow":["GET"]}}],"collection":[{"href":"https:\/\/www.mj-lagrange.org\/index.php?rest_route=\/wp\/v2\/pages"}],"about":[{"href":"https:\/\/www.mj-lagrange.org\/index.php?rest_route=\/wp\/v2\/types\/page"}],"author":[{"embeddable":true,"href":"https:\/\/www.mj-lagrange.org\/index.php?rest_route=\/wp\/v2\/users\/1"}],"replies":[{"embeddable":true,"href":"https:\/\/www.mj-lagrange.org\/index.php?rest_route=%2Fwp%2Fv2%2Fcomments&post=4048"}],"version-history":[{"count":14,"href":"https:\/\/www.mj-lagrange.org\/index.php?rest_route=\/wp\/v2\/pages\/4048\/revisions"}],"predecessor-version":[{"id":12817,"href":"https:\/\/www.mj-lagrange.org\/index.php?rest_route=\/wp\/v2\/pages\/4048\/revisions\/12817"}],"wp:attachment":[{"href":"https:\/\/www.mj-lagrange.org\/index.php?rest_route=%2Fwp%2Fv2%2Fmedia&parent=4048"}],"curies":[{"name":"wp","href":"https:\/\/api.w.org\/{rel}","templated":true}]}}