{"id":526,"date":"2010-08-25T17:21:05","date_gmt":"2010-08-25T15:21:05","guid":{"rendered":"http:\/\/www.mj-lagrange.org\/?page_id=526"},"modified":"2025-11-09T17:36:25","modified_gmt":"2025-11-09T16:36:25","slug":"adherer-a-lassociation-des-amis-du-pere-lagrange","status":"publish","type":"page","link":"https:\/\/www.mj-lagrange.org\/?page_id=526","title":{"rendered":"L&rsquo;Association des amis du p\u00e8re Lagrange"},"content":{"rendered":"<div class=\"fcbkbttn_buttons_block\" id=\"fcbkbttn_left\"><div class=\"fcbkbttn_button\">\n\t\t\t\t\t<a href=\"https:\/\/www.facebook.com\/\" target=\"_blank\">\n\t\t\t\t\t\t<img decoding=\"async\" src=\"https:\/\/mj-lagrange.org\/wp-content\/plugins\/facebook-button-plugin\/images\/standard-facebook-ico.png\" alt=\"Fb-Button\" \/>\n\t\t\t\t\t<\/a>\n\t\t\t\t<\/div><div class=\"fcbkbttn_like \"><fb:like href=\"https:\/\/www.mj-lagrange.org\/?page_id=526\" action=\"like\" colorscheme=\"light\" layout=\"standard\"  width=\"225px\" size=\"small\"><\/fb:like><\/div><\/div><p style=\"font-weight: 400;\"><strong><a href=\"https:\/\/mj-lagrange.org\/wp-content\/uploads\/2022\/12\/P.-Lagrange.jpg\"><img loading=\"lazy\" decoding=\"async\" class=\"alignleft size-medium wp-image-15055\" src=\"https:\/\/mj-lagrange.org\/wp-content\/uploads\/2022\/12\/P.-Lagrange-214x300.jpg\" alt=\"\" width=\"214\" height=\"300\" srcset=\"https:\/\/mj-lagrange.org\/wp-content\/uploads\/2022\/12\/P.-Lagrange-214x300.jpg 214w, https:\/\/mj-lagrange.org\/wp-content\/uploads\/2022\/12\/P.-Lagrange-731x1024.jpg 731w, https:\/\/mj-lagrange.org\/wp-content\/uploads\/2022\/12\/P.-Lagrange-768x1076.jpg 768w, https:\/\/mj-lagrange.org\/wp-content\/uploads\/2022\/12\/P.-Lagrange-1097x1536.jpg 1097w, https:\/\/mj-lagrange.org\/wp-content\/uploads\/2022\/12\/P.-Lagrange-730x1023.jpg 730w, https:\/\/mj-lagrange.org\/wp-content\/uploads\/2022\/12\/P.-Lagrange.jpg 1462w\" sizes=\"auto, (max-width: 214px) 100vw, 214px\" \/><\/a><\/strong><\/p>\n<p>&nbsp;<\/p>\n<p>&nbsp;<\/p>\n<p style=\"font-weight: 400;\"><span style=\"color: #000000;\"><strong><em>L&rsquo;Association des amis du p\u00e8re Lagrange a \u00e9t\u00e9 cr\u00e9\u00e9e, le 15 novembre 2007,\u00a0pour faire conna\u00eetre et aimer la vie et l&rsquo;\u0153uvre du p\u00e8re Marie-Joseph Lagrange o.p.\u00a0<\/em><\/strong><\/span><\/p>\n<p style=\"font-weight: 400;\"><span style=\"color: #000000;\"><em><strong>Sa cause de b\u00e9atification est en cours\u00a0apr\u00e8s l&rsquo;ach\u00e8vement du proc\u00e8s dioc\u00e9sain\u00a0par le dioc\u00e8se de Fr\u00e9jus-Toulon.\u00a0<\/strong><\/em><\/span><\/p>\n<p style=\"font-weight: 400;\"><span style=\"color: #000000;\"><em><strong>Parmi une multitude de t\u00e9moins des bienfaits de la vie, de l&rsquo;\u0153uvre et de l&rsquo;intercession du p\u00e8re Lagrange,\u00a0le pape Paul VI et le saint pape Jean-Paul II ont fait l&rsquo;\u00e9loge de ce savant qui a reli\u00e9 la science et la foi.<\/strong><\/em><\/span><\/p>\n<p>&nbsp;<\/p>\n<p>&nbsp;<\/p>\n<div><\/div>\n<div>Prions les uns pour les autres; les uns pour les soucis et les joies des autres.<\/div>\n<div>Puisse le Seigneur nous accorder un miracle qui favorisera la cause de b\u00e9atification du p\u00e8re Lagrange, fondateur de l&rsquo;Ecole biblique de J\u00e9rusalem.<\/div>\n<div>Avec ma pri\u00e8re \u00e0 la messe et au Rosaire.<\/div>\n<p style=\"font-weight: 400;\"><strong>Fr. Manuel Rivero, O.P.<\/strong><\/p>\n<p>Vice-postulateur pour la cause de b\u00e9atification du p\u00e8re Lagrange<br \/>\nPr\u00e9sident de l&rsquo;Association des amis du p\u00e8re Lagrange<br \/>\nDominicains<br \/>\nCure de la cath\u00e9drale<br \/>\n22 avenue de la Victoire<br \/>\nFR 97400 SAINT DENIS DE LA REUNION<br \/>\nT\u00e9l. portable : 06 92 80 11 50 ; (00) 262 692 80 11 50<\/p>\n<p>Courriel : <a href=\"mailto:manuelrivero921881772@gmail.com\">manuelrivero921881772@gmail.com<\/a><\/p>\n<p style=\"text-align: right;\">Si\u00e8ge social : Couvent des Dominicains<br \/>\n9 rue Saint-Fran\u00e7ois-de-Paule<br \/>\nFR 06300 NICE &#8211; France &#8211;<br \/>\nCourriel :<a href=\"http:\/\/pere.marie.joseph.lagrange@gmail.com\">\u00a0<\/a><a href=\"http:\/\/pere.marie.joseph.lagrange@gmail.com\">pere.marie.joseph.lagrange@gmail.com<\/a><br \/>\nsite internet : <a href=\"https:\/\/mj-lagrange.org\">https:\/\/mj-lagrange.org<\/a><\/p>\n<p style=\"text-align: right;\">Facebook : Marie-Joseph Lagrange, dominicain<\/p>\n<p style=\"font-weight: 400; text-align: right;\"><strong><a href=\"https:\/\/mj-lagrange.org\/wp-content\/uploads\/2025\/11\/Bulletin-dadhesion-2025-RIB-Association-des-Amis-du-Pere-Lagrange-06-25.pdf\">Bulletin d&rsquo;adhe\u0301sion 2025 RIB-Association des Amis du Pe\u0300re Lagrange-06-25<\/a>\u00a0<\/strong><\/p>\n<p><a href=\"applewebdata:\/\/720306C7-F783-4F9A-886B-CF4F544A177C#_ftnref1\" name=\"_ftn1\">[1]<\/a> Marie-Joseph Lagrange, des fr\u00e8res pr\u00eacheurs, <em>Journal spirituel 1879-1932<\/em>, Avant-propos de Fr. Manuel Rivero O.P., Paris, Cerf, 2014. P. 58. 7 mars 1880.<\/p>\n<p><a href=\"applewebdata:\/\/720306C7-F783-4F9A-886B-CF4F544A177C#_ftnref2\" name=\"_ftn2\">[2]<\/a> Marie-Joseph Lagrange, des fr\u00e8res pr\u00eacheurs, <em>Journal spirituel 1879-1932<\/em>, Avant-propos de Fr. Manuel Rivero O.P., Paris, Cerf, 2014. P. 63. 3 avril 1880.<\/p>\n<p><a href=\"applewebdata:\/\/720306C7-F783-4F9A-886B-CF4F544A177C#_ftnref3\" name=\"_ftn3\">[3]<\/a> Marie-Joseph Lagrange, \u00c9vangile selon saint Luc, Paris, J. Gabalda, \u00e9diteur, 1927.P. 233.<\/p>\n<address>\u00a0<\/address>\n<address>\n<h2 style=\"text-align: center;\"><strong><span style=\"color: #993300;\">Par votre adh\u00e9sion, vous nous aidez \u00e0 soutenir la cause du P. Lagrange : <\/span><\/strong><\/h2>\n<p style=\"text-align: center;\"><a href=\"https:\/\/mj-lagrange.org\/wp-content\/uploads\/2025\/11\/Bulletin-dadhesion-2025-RIB-Association-des-Amis-du-Pere-Lagrange-06-25.pdf\">Bulletin d&rsquo;adhe\u0301sion 2025 RIB-Association des Amis du Pe\u0300re Lagrange-06-25<\/a><\/p>\n<p>&nbsp;<\/p>\n<p>&nbsp;<\/p>\n<\/address>\n<address>\u00a0<\/address>\n","protected":false},"excerpt":{"rendered":"<p>&nbsp; &nbsp; L&rsquo;Association des amis du p\u00e8re Lagrange a \u00e9t\u00e9 cr\u00e9\u00e9e, le 15 novembre 2007,\u00a0pour faire conna\u00eetre et aimer la vie et l&rsquo;\u0153uvre du p\u00e8re Marie-Joseph Lagrange o.p.\u00a0 Sa cause de b\u00e9atification est en cours\u00a0apr\u00e8s l&rsquo;ach\u00e8vement du proc\u00e8s dioc\u00e9sain\u00a0par le dioc\u00e8se de Fr\u00e9jus-Toulon.\u00a0 Parmi une multitude de t\u00e9moins des bienfaits de la vie, de l&rsquo;\u0153uvre &#8230;<\/p>\n<p><a href=\"https:\/\/www.mj-lagrange.org\/?page_id=526\" class=\"more-link\">Continue reading &lsquo;L&rsquo;Association des amis du p\u00e8re Lagrange&rsquo; &raquo;<\/a><\/p>\n","protected":false},"author":1,"featured_media":0,"parent":0,"menu_order":0,"comment_status":"closed","ping_status":"closed","template":"","meta":{"footnotes":""},"class_list":["post-526","page","type-page","status-publish","hentry"],"_links":{"self":[{"href":"https:\/\/www.mj-lagrange.org\/index.php?rest_route=\/wp\/v2\/pages\/526","targetHints":{"allow":["GET"]}}],"collection":[{"href":"https:\/\/www.mj-lagrange.org\/index.php?rest_route=\/wp\/v2\/pages"}],"about":[{"href":"https:\/\/www.mj-lagrange.org\/index.php?rest_route=\/wp\/v2\/types\/page"}],"author":[{"embeddable":true,"href":"https:\/\/www.mj-lagrange.org\/index.php?rest_route=\/wp\/v2\/users\/1"}],"replies":[{"embeddable":true,"href":"https:\/\/www.mj-lagrange.org\/index.php?rest_route=%2Fwp%2Fv2%2Fcomments&post=526"}],"version-history":[{"count":87,"href":"https:\/\/www.mj-lagrange.org\/index.php?rest_route=\/wp\/v2\/pages\/526\/revisions"}],"predecessor-version":[{"id":16247,"href":"https:\/\/www.mj-lagrange.org\/index.php?rest_route=\/wp\/v2\/pages\/526\/revisions\/16247"}],"wp:attachment":[{"href":"https:\/\/www.mj-lagrange.org\/index.php?rest_route=%2Fwp%2Fv2%2Fmedia&parent=526"}],"curies":[{"name":"wp","href":"https:\/\/api.w.org\/{rel}","templated":true}]}}