{"id":56,"date":"2010-05-30T07:33:47","date_gmt":"2010-05-30T05:33:47","guid":{"rendered":"http:\/\/www.mj-lagrange.org\/?page_id=56"},"modified":"2020-07-03T16:35:55","modified_gmt":"2020-07-03T14:35:55","slug":"sobre","status":"publish","type":"page","link":"https:\/\/www.mj-lagrange.org\/?page_id=56&lang=es","title":{"rendered":"Hombre de ciencia, hombre de fe"},"content":{"rendered":"<div class=\"fcbkbttn_buttons_block\" id=\"fcbkbttn_left\"><div class=\"fcbkbttn_button\">\n\t\t\t\t\t<a href=\"https:\/\/www.facebook.com\/\" target=\"_blank\">\n\t\t\t\t\t\t<img decoding=\"async\" src=\"https:\/\/mj-lagrange.org\/wp-content\/plugins\/facebook-button-plugin\/images\/standard-facebook-ico.png\" alt=\"Fb-Button\" \/>\n\t\t\t\t\t<\/a>\n\t\t\t\t<\/div><div class=\"fcbkbttn_like \"><fb:like href=\"https:\/\/www.mj-lagrange.org\/?page_id=56&lang=es\" action=\"like\" colorscheme=\"light\" layout=\"standard\"  width=\"225px\" size=\"small\"><\/fb:like><\/div><\/div><p>&nbsp;<\/p>\n<p>&nbsp;<\/p>\n<h3 style=\"text-align: center;\"><span style=\"color: #993300;\"><strong>Este sitio est\u00e1 dedicado a <\/strong><\/span><\/h3>\n<h2 style=\"text-align: center;\"><span style=\"color: #993300;\"><strong>Marie-Joseph Lagrange (1855-1938)<\/strong><\/span><\/h2>\n<h2 style=\"text-align: center;\"><span style=\"color: #993300;\"><strong>hombre de ciencia, hombre de fe<\/strong><\/span><\/h2>\n<p style=\"text-align: center;\"><em><span style=\"color: #993300;\">Este sitio es propuesto por la asociaci\u00f3n de los amigos del padre Lagrange<\/span><\/em><\/p>\n<p style=\"text-align: center;\"><a href=\"http:\/\/mj-lagrange.org\/wp-content\/uploads\/2010\/05\/Pri\u00e8re-Es.jpg\"><img loading=\"lazy\" decoding=\"async\" class=\"aligncenter size-large wp-image-8654\" src=\"http:\/\/mj-lagrange.org\/wp-content\/uploads\/2010\/05\/Pri\u00e8re-Es-1024x724.jpg\" alt=\"Pri\u00e8re Es*\" width=\"730\" height=\"516\" srcset=\"https:\/\/mj-lagrange.org\/wp-content\/uploads\/2010\/05\/Pri\u00e8re-Es-1024x724.jpg 1024w, https:\/\/mj-lagrange.org\/wp-content\/uploads\/2010\/05\/Pri\u00e8re-Es-300x212.jpg 300w, https:\/\/mj-lagrange.org\/wp-content\/uploads\/2010\/05\/Pri\u00e8re-Es-730x516.jpg 730w\" sizes=\"auto, (max-width: 730px) 100vw, 730px\" \/><\/a><\/p>\n<p style=\"text-align: center;\"><strong><span style=\"color: #993300;\">Para presentar su intenci\u00f3n de oraci\u00f3<\/span><\/strong>:<a href=\"mailto:pere.marie.joseph.lagrange@gmail.com\" target=\"_blank\" rel=\"noopener noreferrer\">mailto:pere.marie.joseph.lagrange@gmail.com<\/a><\/p>\n<p style=\"text-align: center;\">Presidente : <a href=\"mailto:manuel.rivero@free.fr\">manuel.rivero@free.fr<\/a><\/p>\n<p style=\"text-align: center;\">Se confi\u00f3 a la intercesi\u00f3n de la Virgen Maria e del padre Lagrange<\/p>\n<p style=\"text-align: center;\">durante la misa celebrada el d\u00eda 10 de cada mes, por fr. Manuel Rivero, o. p. presidente<\/p>\n<p style=\"text-align: center;\"><strong><span style=\"color: #993300;\">Para gracias recibidas<\/span><\/strong> por la intercesi\u00f3n del padre Lagrange escr\u00edbanos:\u00a0<a href=\"mailto:pere.marie.joseph.lagrange@gmail.com\">mailto:pere.marie.joseph.lagrange@gmail.com<\/a><\/p>\n","protected":false},"excerpt":{"rendered":"<p>&nbsp; &nbsp; Este sitio est\u00e1 dedicado a Marie-Joseph Lagrange (1855-1938) hombre de ciencia, hombre de fe Este sitio es propuesto por la asociaci\u00f3n de los amigos del padre Lagrange Para presentar su intenci\u00f3n de oraci\u00f3:mailto:pere.marie.joseph.lagrange@gmail.com Presidente : manuel.rivero@free.fr Se confi\u00f3 a la intercesi\u00f3n de la Virgen Maria e del padre Lagrange durante la misa celebrada &#8230;<\/p>\n<p><a href=\"https:\/\/www.mj-lagrange.org\/?page_id=56&#038;lang=es\" class=\"more-link\">Continue reading &lsquo;Hombre de ciencia, hombre de fe&rsquo; &raquo;<\/a><\/p>\n","protected":false},"author":1,"featured_media":0,"parent":0,"menu_order":0,"comment_status":"closed","ping_status":"closed","template":"","meta":{"footnotes":""},"class_list":["post-56","page","type-page","status-publish","hentry"],"_links":{"self":[{"href":"https:\/\/www.mj-lagrange.org\/index.php?rest_route=\/wp\/v2\/pages\/56","targetHints":{"allow":["GET"]}}],"collection":[{"href":"https:\/\/www.mj-lagrange.org\/index.php?rest_route=\/wp\/v2\/pages"}],"about":[{"href":"https:\/\/www.mj-lagrange.org\/index.php?rest_route=\/wp\/v2\/types\/page"}],"author":[{"embeddable":true,"href":"https:\/\/www.mj-lagrange.org\/index.php?rest_route=\/wp\/v2\/users\/1"}],"replies":[{"embeddable":true,"href":"https:\/\/www.mj-lagrange.org\/index.php?rest_route=%2Fwp%2Fv2%2Fcomments&post=56"}],"version-history":[{"count":21,"href":"https:\/\/www.mj-lagrange.org\/index.php?rest_route=\/wp\/v2\/pages\/56\/revisions"}],"predecessor-version":[{"id":13446,"href":"https:\/\/www.mj-lagrange.org\/index.php?rest_route=\/wp\/v2\/pages\/56\/revisions\/13446"}],"wp:attachment":[{"href":"https:\/\/www.mj-lagrange.org\/index.php?rest_route=%2Fwp%2Fv2%2Fmedia&parent=56"}],"curies":[{"name":"wp","href":"https:\/\/api.w.org\/{rel}","templated":true}]}}