{"id":638,"date":"2010-12-03T10:18:26","date_gmt":"2010-12-03T09:18:26","guid":{"rendered":"http:\/\/www.mj-lagrange.org\/?page_id=638"},"modified":"2020-04-17T09:21:10","modified_gmt":"2020-04-17T07:21:10","slug":"preghiera","status":"publish","type":"page","link":"https:\/\/www.mj-lagrange.org\/?page_id=638&lang=it","title":{"rendered":"Preghi\u00e8ra"},"content":{"rendered":"<div class=\"fcbkbttn_buttons_block\" id=\"fcbkbttn_left\"><div class=\"fcbkbttn_button\">\n\t\t\t\t\t<a href=\"https:\/\/www.facebook.com\/\" target=\"_blank\">\n\t\t\t\t\t\t<img decoding=\"async\" src=\"https:\/\/mj-lagrange.org\/wp-content\/plugins\/facebook-button-plugin\/images\/standard-facebook-ico.png\" alt=\"Fb-Button\" \/>\n\t\t\t\t\t<\/a>\n\t\t\t\t<\/div><div class=\"fcbkbttn_like \"><fb:like href=\"https:\/\/www.mj-lagrange.org\/?page_id=638&lang=it\" action=\"like\" colorscheme=\"light\" layout=\"standard\"  width=\"225px\" size=\"small\"><\/fb:like><\/div><\/div><h2 style=\"text-align: center;\"><strong><span style=\"color: #993300;\">Per la glorificazi\u00f3ne del servo di Dio<\/span><\/strong><\/h2>\n<h2 style=\"text-align: center;\"><strong><span style=\"color: #993300;\">\u00a0Padre Marie-Joseph Lagrange, o. p.<\/span><\/strong><\/h2>\n<p>&nbsp;<\/p>\n<p>&nbsp;<\/p>\n<blockquote>\n<p style=\"text-align: justify;\"><span style=\"color: #993300;\"><a href=\"http:\/\/mj-lagrange.org\/wp-content\/uploads\/2014\/12\/P.-Lagrange-.jpg\"><img loading=\"lazy\" decoding=\"async\" class=\"alignleft size-medium wp-image-5952\" src=\"http:\/\/mj-lagrange.org\/wp-content\/uploads\/2014\/12\/P.-Lagrange--227x300.jpg\" alt=\"P. Lagrange--\" width=\"227\" height=\"300\" srcset=\"https:\/\/mj-lagrange.org\/wp-content\/uploads\/2014\/12\/P.-Lagrange--227x300.jpg 227w, https:\/\/mj-lagrange.org\/wp-content\/uploads\/2014\/12\/P.-Lagrange-.jpg 495w\" sizes=\"auto, (max-width: 227px) 100vw, 227px\" \/><\/a><strong>PADRE SANTO, <\/strong><\/span><strong>tu hai acceso, nel tuo servo fra Marie-Joseph Lagrange, il desiderio della verit\u00e0 ed un amore profondo per la Parola di Dio. Alla luce della legge di Mos\u00e8, dei profeti e dei salmi, egli ha scrutato il mistero di Ges\u00f9 Cristo con cuore ardente. Colla la Vergine Maria ha meditato il Vangelo nella preghiera del rosario. Ha dedicato la sua vita allo studio scientifico della Bibbia nell\u2019armonia evangelica della fede e della ragione per confortare le anime disorientate dalla critica.<\/strong><\/p>\n<p style=\"text-align: justify;\"><strong>Chi l\u2019ha conosciuto ha testimoniato la sua fede radiosa e la sua obbedienza esemplare nelle prove.<\/strong><\/p>\n<p style=\"text-align: justify;\"><strong>\u00a0Noi ti preghiamo, Padre, di anticipare il giorno in cui la Chiesa riconoscer\u00e0 pubblicamente la santit\u00e0 della sua vita affinch\u00e9 il suo esempio benefico porta i nostri fratelli a credere nella parola di Dio.<\/strong><\/p>\n<p style=\"text-align: justify;\"><strong>\u00a0Che l\u2019intercessione di fra Marie-Joseph Lagrange ci conceda le grazie di cui abbiamo bisogno, specialmente : (<em>precisare la quale<\/em>).<\/strong><\/p>\n<p style=\"text-align: justify;\"><strong>Noi te lo chiediamo, o Padre, nel nome di tuo figlio Ges\u00f9 Cristo in comunione con lo Spirito Santo, un solo Dio vivente per tutti i secoli dei secoli.<\/strong><br \/>\n<strong> Amen.<\/strong><\/p>\n<p>&nbsp;<\/p>\n<p style=\"text-align: right;\"><strong>Fr. Manuel Rivero, o. p.<\/strong><br \/>\n<strong>Presidente dell&rsquo;associazione de\u00a0gli amici di padre Lagrange<\/strong><\/p>\n<\/blockquote>\n<p>&nbsp;<\/p>\n","protected":false},"excerpt":{"rendered":"<p>Per la glorificazi\u00f3ne del servo di Dio \u00a0Padre Marie-Joseph Lagrange, o. p. &nbsp; &nbsp; PADRE SANTO, tu hai acceso, nel tuo servo fra Marie-Joseph Lagrange, il desiderio della verit\u00e0 ed un amore profondo per la Parola di Dio. Alla luce della legge di Mos\u00e8, dei profeti e dei salmi, egli ha scrutato il mistero di &#8230;<\/p>\n<p><a href=\"https:\/\/www.mj-lagrange.org\/?page_id=638&#038;lang=it\" class=\"more-link\">Continue reading &lsquo;Preghi\u00e8ra&rsquo; &raquo;<\/a><\/p>\n","protected":false},"author":1,"featured_media":0,"parent":913,"menu_order":0,"comment_status":"closed","ping_status":"closed","template":"","meta":{"footnotes":""},"class_list":["post-638","page","type-page","status-publish","hentry"],"_links":{"self":[{"href":"https:\/\/www.mj-lagrange.org\/index.php?rest_route=\/wp\/v2\/pages\/638","targetHints":{"allow":["GET"]}}],"collection":[{"href":"https:\/\/www.mj-lagrange.org\/index.php?rest_route=\/wp\/v2\/pages"}],"about":[{"href":"https:\/\/www.mj-lagrange.org\/index.php?rest_route=\/wp\/v2\/types\/page"}],"author":[{"embeddable":true,"href":"https:\/\/www.mj-lagrange.org\/index.php?rest_route=\/wp\/v2\/users\/1"}],"replies":[{"embeddable":true,"href":"https:\/\/www.mj-lagrange.org\/index.php?rest_route=%2Fwp%2Fv2%2Fcomments&post=638"}],"version-history":[{"count":14,"href":"https:\/\/www.mj-lagrange.org\/index.php?rest_route=\/wp\/v2\/pages\/638\/revisions"}],"predecessor-version":[{"id":12821,"href":"https:\/\/www.mj-lagrange.org\/index.php?rest_route=\/wp\/v2\/pages\/638\/revisions\/12821"}],"up":[{"embeddable":true,"href":"https:\/\/www.mj-lagrange.org\/index.php?rest_route=\/wp\/v2\/pages\/913"}],"wp:attachment":[{"href":"https:\/\/www.mj-lagrange.org\/index.php?rest_route=%2Fwp%2Fv2%2Fmedia&parent=638"}],"curies":[{"name":"wp","href":"https:\/\/api.w.org\/{rel}","templated":true}]}}