{"id":76,"date":"2010-05-30T08:23:36","date_gmt":"2010-05-30T06:23:36","guid":{"rendered":"http:\/\/www.mj-lagrange.org\/?page_id=76"},"modified":"2019-07-28T17:35:47","modified_gmt":"2019-07-28T15:35:47","slug":"biographie","status":"publish","type":"page","link":"https:\/\/www.mj-lagrange.org\/?page_id=76","title":{"rendered":"Sa vie"},"content":{"rendered":"<div class=\"fcbkbttn_buttons_block\" id=\"fcbkbttn_left\"><div class=\"fcbkbttn_button\">\n\t\t\t\t\t<a href=\"https:\/\/www.facebook.com\/\" target=\"_blank\">\n\t\t\t\t\t\t<img decoding=\"async\" src=\"https:\/\/mj-lagrange.org\/wp-content\/plugins\/facebook-button-plugin\/images\/standard-facebook-ico.png\" alt=\"Fb-Button\" \/>\n\t\t\t\t\t<\/a>\n\t\t\t\t<\/div><div class=\"fcbkbttn_like \"><fb:like href=\"https:\/\/www.mj-lagrange.org\/?page_id=76\" action=\"like\" colorscheme=\"light\" layout=\"standard\"  width=\"225px\" size=\"small\"><\/fb:like><\/div><\/div><p>Albert Lagrange na\u00eet \u00e0 Bourg-en-Bresse, dans le dioc\u00e8se de Belley-Ars, le 7 mars 1855. \u00c0 l\u2019\u00e2ge de trois ans, il re\u00e7oit la b\u00e9n\u00e9diction du saint Cur\u00e9 d\u2019Ars.<\/p>\n<p><a href=\"http:\/\/mj-lagrange.org\/wp-content\/uploads\/2010\/08\/4-Paris-20-ans.jpg\"><img loading=\"lazy\" decoding=\"async\" class=\"alignleft size-medium wp-image-502\" title=\"4-Paris 20 ans\" src=\"http:\/\/mj-lagrange.org\/wp-content\/uploads\/2010\/08\/4-Paris-20-ans-197x300.jpg\" alt=\"\" width=\"197\" height=\"300\" srcset=\"https:\/\/mj-lagrange.org\/wp-content\/uploads\/2010\/08\/4-Paris-20-ans-197x300.jpg 197w, https:\/\/mj-lagrange.org\/wp-content\/uploads\/2010\/08\/4-Paris-20-ans.jpg 400w\" sizes=\"auto, (max-width: 197px) 100vw, 197px\" \/><\/a> Apr\u00e8s des \u00e9tudes classiques au petit s\u00e9minaire d\u2019Autun, il poursuit \u00e0 Paris des \u00e9tudes en droit jusqu\u2019au doctorat. Attir\u00e9 par l\u2019id\u00e9al de saint Dominique \u2013 \u201c\u00e2me pure\u201d \u2013, il entre au s\u00e9minaire d\u2019Issy-les-Moulineaux (1878-1879), puis au noviciat des Fr\u00e8res pr\u00eacheurs de Saint-Maximin o\u00f9 il re\u00e7oit l\u2019habit dominicain des mains du prieur provincial, le fr\u00e8re Hyacinthe-Marie Cormier, b\u00e9atifi\u00e9 par le pape Jean-Paul II. D\u00e8s la fin du noviciat en 1880, un d\u00e9cret d\u2019expulsion des religieux oblige tous les fr\u00e8res dominicains \u00e0 quitter la France. Ce sont les dominicains espagnols qui les accueillent dans leur couvent San Esteban (Saint-\u00c9tienne) de Salamanque, o\u00f9 le fr\u00e8re Lagrange \u00e9tudie la th\u00e9ologie de saint Thomas d\u2019Aquin et la doctrine mystique de sainte Th\u00e9r\u00e8se d\u2019Avila. C\u2019est \u00e0 Zamora qu\u2019il est ordonn\u00e9 pr\u00eatre le 22 d\u00e9cembre 1883.<\/p>\n<p>Habit\u00e9 par un go\u00fbt passionn\u00e9 pour l\u2019\u00e9tude de la Bible, il est envoy\u00e9 au couvent Saint-\u00c9tienne de J\u00e9rusalem, une \u00e9cole biblique inaugur\u00e9e le 15 novembre 1890. D\u00e9sormais, et jusqu\u2019au dernier jour, sa vie est consacr\u00e9e au service de la Bible : chercheur, professeur d\u2019ex\u00e9g\u00e8se, directeur de l\u2019\u00c9cole biblique et de la <em>Revue biblique<\/em> (1892), auteur de nombreux livres et articles, pr\u00e9dicateur\u2026 Il passe \u00e0 J\u00e9rusalem quarante-cinq ans de sa vie. Son livre le plus connu demeure <em>L\u2019\u00c9vangile de J\u00e9sus-Christ<\/em>, traduit en plusieurs langues.<\/p>\n<div id=\"attachment_1084\" style=\"width: 262px\" class=\"wp-caption alignright\"><a href=\"http:\/\/mj-lagrange.org\/wp-content\/uploads\/2011\/05\/allee_du_moine.jpg\"><img loading=\"lazy\" decoding=\"async\" aria-describedby=\"caption-attachment-1084\" class=\"size-full wp-image-1084\" title=\"allee_du_moine\" src=\"http:\/\/mj-lagrange.org\/wp-content\/uploads\/2011\/05\/allee_du_moine.jpg\" alt=\"\" width=\"252\" height=\"300\" \/><\/a><p id=\"caption-attachment-1084\" class=\"wp-caption-text\">\u00a9 \u00c9cole Biblique de J\u00e9rusalem<\/p><\/div>\n<p>Son \u0153uvre d\u2019ex\u00e9g\u00e8te a le m\u00e9rite de rendre \u00e0 la pens\u00e9e catholique droit de cit\u00e9 dans le monde savant. La contradiction et les \u00e9preuves, sur ce terrain de combat apostolique pour le salut des \u00e2mes, n\u2019ont pas manqu\u00e9. Fid\u00e8le et fervent, le p\u00e8re Lagrange poursuit jusqu\u2019au bout son service d\u2019\u00c9glise.<\/p>\n<p>En 1935, il rentre d\u00e9finitivement en France pour des raisons de sant\u00e9, pr\u00e9cis\u00e9ment dans son couvent de Saint-Maximin (Var), d\u2019o\u00f9 il part vers le P\u00e8re le 10 mars 1938. Sa d\u00e9pouille mortelle est ramen\u00e9e \u00e0 J\u00e9rusalem en 1967 dans le ch\u0153ur de la basilique Saint-\u00c9tienne.<\/p>\n","protected":false},"excerpt":{"rendered":"<p>Albert Lagrange na\u00eet \u00e0 Bourg-en-Bresse, dans le dioc\u00e8se de Belley-Ars, le 7 mars 1855. \u00c0 l\u2019\u00e2ge de trois ans, il re\u00e7oit la b\u00e9n\u00e9diction du saint Cur\u00e9 d\u2019Ars. Apr\u00e8s des \u00e9tudes classiques au petit s\u00e9minaire d\u2019Autun, il poursuit \u00e0 Paris des \u00e9tudes en droit jusqu\u2019au doctorat. Attir\u00e9 par l\u2019id\u00e9al de saint Dominique \u2013 \u201c\u00e2me pure\u201d \u2013, &#8230;<\/p>\n<p><a href=\"https:\/\/www.mj-lagrange.org\/?page_id=76\" class=\"more-link\">Continue reading &lsquo;Sa vie&rsquo; &raquo;<\/a><\/p>\n","protected":false},"author":1,"featured_media":0,"parent":2,"menu_order":0,"comment_status":"closed","ping_status":"closed","template":"","meta":{"footnotes":""},"class_list":["post-76","page","type-page","status-publish","hentry"],"_links":{"self":[{"href":"https:\/\/www.mj-lagrange.org\/index.php?rest_route=\/wp\/v2\/pages\/76","targetHints":{"allow":["GET"]}}],"collection":[{"href":"https:\/\/www.mj-lagrange.org\/index.php?rest_route=\/wp\/v2\/pages"}],"about":[{"href":"https:\/\/www.mj-lagrange.org\/index.php?rest_route=\/wp\/v2\/types\/page"}],"author":[{"embeddable":true,"href":"https:\/\/www.mj-lagrange.org\/index.php?rest_route=\/wp\/v2\/users\/1"}],"replies":[{"embeddable":true,"href":"https:\/\/www.mj-lagrange.org\/index.php?rest_route=%2Fwp%2Fv2%2Fcomments&post=76"}],"version-history":[{"count":28,"href":"https:\/\/www.mj-lagrange.org\/index.php?rest_route=\/wp\/v2\/pages\/76\/revisions"}],"predecessor-version":[{"id":12862,"href":"https:\/\/www.mj-lagrange.org\/index.php?rest_route=\/wp\/v2\/pages\/76\/revisions\/12862"}],"up":[{"embeddable":true,"href":"https:\/\/www.mj-lagrange.org\/index.php?rest_route=\/wp\/v2\/pages\/2"}],"wp:attachment":[{"href":"https:\/\/www.mj-lagrange.org\/index.php?rest_route=%2Fwp%2Fv2%2Fmedia&parent=76"}],"curies":[{"name":"wp","href":"https:\/\/api.w.org\/{rel}","templated":true}]}}