{"id":7738,"date":"2015-08-22T10:06:56","date_gmt":"2015-08-22T08:06:56","guid":{"rendered":"http:\/\/www.mj-lagrange.org\/?page_id=7738"},"modified":"2019-07-03T18:26:33","modified_gmt":"2019-07-03T16:26:33","slug":"ora%c3%a7%c3%a3o","status":"publish","type":"page","link":"https:\/\/www.mj-lagrange.org\/?page_id=7738&lang=pt-br","title":{"rendered":"Ora\u00e7\u00e3o"},"content":{"rendered":"<div class=\"fcbkbttn_buttons_block\" id=\"fcbkbttn_left\"><div class=\"fcbkbttn_button\">\n\t\t\t\t\t<a href=\"https:\/\/www.facebook.com\/\" target=\"_blank\">\n\t\t\t\t\t\t<img decoding=\"async\" src=\"https:\/\/mj-lagrange.org\/wp-content\/plugins\/facebook-button-plugin\/images\/standard-facebook-ico.png\" alt=\"Fb-Button\" \/>\n\t\t\t\t\t<\/a>\n\t\t\t\t<\/div><div class=\"fcbkbttn_like \"><fb:like href=\"https:\/\/www.mj-lagrange.org\/?page_id=7738&lang=pt-br\" action=\"like\" colorscheme=\"light\" layout=\"standard\"  width=\"225px\" size=\"small\"><\/fb:like><\/div><\/div><p style=\"text-align: center;\"><strong><span style=\"color: #993300;\">Pela glorifica\u00e7\u00e3o do servo de Deus Maria-Jos\u00e9 Lagrange<\/span><\/strong><\/p>\n<p>&nbsp;<\/p>\n<p style=\"text-align: right;\"><span style=\"color: #993300;\"><a href=\"http:\/\/mj-lagrange.org\/wp-content\/uploads\/2014\/12\/P.-Lagrange-.jpg\"><img loading=\"lazy\" decoding=\"async\" class=\"alignleft size-medium wp-image-5952\" src=\"http:\/\/mj-lagrange.org\/wp-content\/uploads\/2014\/12\/P.-Lagrange--227x300.jpg\" alt=\"P. Lagrange--\" width=\"227\" height=\"300\" srcset=\"https:\/\/mj-lagrange.org\/wp-content\/uploads\/2014\/12\/P.-Lagrange--227x300.jpg 227w, https:\/\/mj-lagrange.org\/wp-content\/uploads\/2014\/12\/P.-Lagrange-.jpg 495w\" sizes=\"auto, (max-width: 227px) 100vw, 227px\" \/><\/a><\/span><\/p>\n<blockquote>\n<p style=\"text-align: justify;\"><span style=\"color: #993300;\"><strong>PAI SANTO, <\/strong><\/span><strong>tu concedeste ao tue servidor, Frei Maria-Jos\u00e9 Lagrange, o desejo da verdade e a paix\u00e3o pela Palavra de Deus.<\/strong><\/p>\n<p style=\"text-align: justify;\"><strong>Iluminado pela Lei de Mois\u00e9s, dos Profetas e dos Salmos, ele escrutou o mist\u00e9rio de Jesus Cristo e o seu cora\u00e7\u00e3o tornou-se radiante. Com a Virgem Maria, ele meditou o Evangelho atrav\u00e9s da ora\u00e7\u00e3o do Ros\u00e1rio. Dedicou sua exist\u00eancia ao estudo cient\u00edfico da B\u00edblia na harmonia evang\u00e9lica entre a f\u00e9 e a raz\u00e3o, para salvar os esp\u00edritos perturbados pela cr\u00edtica cient\u00edfica.<\/strong><\/p>\n<p style=\"text-align: justify;\"><strong>Aqueles que o conheceram testemunharam sobre a sua f\u00e9 radiante e a sua exemplar obedi\u00eancia nas prova\u00e7\u00f5es.<\/strong><\/p>\n<p style=\"text-align: justify;\"><strong>N\u00f3s te pedimos, Pai, de apressar o dia em que a Igreja reconhecer\u00e1 publicamente a santidade da sua vida, para que o seu exemplo benfazejo conduza nossos irm\u00e3os a crer na Palavra de Deus.<\/strong><\/p>\n<p style=\"text-align: justify;\"><strong>Que a intercess\u00e3o do Pe. Maria-Jos\u00e9 Lagrange nos obtenha as gra\u00e7as de que necessitamos, e em particular :\u00a0(<\/strong><em>especificar qual<\/em><strong>)<\/strong><\/p>\n<p style=\"text-align: justify;\"><strong>N\u00f3s te pedimos, Pai, em nome do teu Filho Jesus Cristo, na comunh\u00e3o do Esp\u00edrito Santo, um s\u00f3 Deus vivente pelos s\u00e9culos dos s\u00e9culos.\u00a0<\/strong><strong>Am\u00e9m.<\/strong><\/p>\n<p>&nbsp;<\/p>\n<p style=\"text-align: right;\"><strong>Fr. Manuel Rivero, o. p.<\/strong><\/p>\n<p style=\"text-align: right;\"><strong>Presidente da Association des amis du p\u00e8re Lagrange<\/strong><\/p>\n<\/blockquote>\n<p>&nbsp;<\/p>\n","protected":false},"excerpt":{"rendered":"<p>Pela glorifica\u00e7\u00e3o do servo de Deus Maria-Jos\u00e9 Lagrange &nbsp; PAI SANTO, tu concedeste ao tue servidor, Frei Maria-Jos\u00e9 Lagrange, o desejo da verdade e a paix\u00e3o pela Palavra de Deus. Iluminado pela Lei de Mois\u00e9s, dos Profetas e dos Salmos, ele escrutou o mist\u00e9rio de Jesus Cristo e o seu cora\u00e7\u00e3o tornou-se radiante. Com a &#8230;<\/p>\n<p><a href=\"https:\/\/www.mj-lagrange.org\/?page_id=7738&#038;lang=pt-br\" class=\"more-link\">Continue reading &lsquo;Ora\u00e7\u00e3o&rsquo; &raquo;<\/a><\/p>\n","protected":false},"author":2,"featured_media":0,"parent":0,"menu_order":0,"comment_status":"closed","ping_status":"closed","template":"","meta":{"footnotes":""},"class_list":["post-7738","page","type-page","status-publish","hentry"],"_links":{"self":[{"href":"https:\/\/www.mj-lagrange.org\/index.php?rest_route=\/wp\/v2\/pages\/7738","targetHints":{"allow":["GET"]}}],"collection":[{"href":"https:\/\/www.mj-lagrange.org\/index.php?rest_route=\/wp\/v2\/pages"}],"about":[{"href":"https:\/\/www.mj-lagrange.org\/index.php?rest_route=\/wp\/v2\/types\/page"}],"author":[{"embeddable":true,"href":"https:\/\/www.mj-lagrange.org\/index.php?rest_route=\/wp\/v2\/users\/2"}],"replies":[{"embeddable":true,"href":"https:\/\/www.mj-lagrange.org\/index.php?rest_route=%2Fwp%2Fv2%2Fcomments&post=7738"}],"version-history":[{"count":6,"href":"https:\/\/www.mj-lagrange.org\/index.php?rest_route=\/wp\/v2\/pages\/7738\/revisions"}],"predecessor-version":[{"id":12822,"href":"https:\/\/www.mj-lagrange.org\/index.php?rest_route=\/wp\/v2\/pages\/7738\/revisions\/12822"}],"wp:attachment":[{"href":"https:\/\/www.mj-lagrange.org\/index.php?rest_route=%2Fwp%2Fv2%2Fmedia&parent=7738"}],"curies":[{"name":"wp","href":"https:\/\/api.w.org\/{rel}","templated":true}]}}