{"id":85,"date":"2010-05-30T08:43:22","date_gmt":"2010-05-30T06:43:22","guid":{"rendered":"http:\/\/www.mj-lagrange.org\/?page_id=85"},"modified":"2011-07-25T12:06:35","modified_gmt":"2011-07-25T10:06:35","slug":"biografia","status":"publish","type":"page","link":"https:\/\/www.mj-lagrange.org\/?page_id=85&lang=es","title":{"rendered":"Biografia"},"content":{"rendered":"<div class=\"fcbkbttn_buttons_block\" id=\"fcbkbttn_left\"><div class=\"fcbkbttn_button\">\n\t\t\t\t\t<a href=\"https:\/\/www.facebook.com\/\" target=\"_blank\">\n\t\t\t\t\t\t<img decoding=\"async\" src=\"https:\/\/mj-lagrange.org\/wp-content\/plugins\/facebook-button-plugin\/images\/standard-facebook-ico.png\" alt=\"Fb-Button\" \/>\n\t\t\t\t\t<\/a>\n\t\t\t\t<\/div><div class=\"fcbkbttn_like \"><fb:like href=\"https:\/\/www.mj-lagrange.org\/?page_id=85&lang=es\" action=\"like\" colorscheme=\"light\" layout=\"standard\"  width=\"225px\" size=\"small\"><\/fb:like><\/div><\/div><p><a href=\"http:\/\/mj-lagrange.org\/wp-content\/uploads\/2010\/05\/MJ_Lagrange_005.jpg\"><img loading=\"lazy\" decoding=\"async\" src=\"http:\/\/mj-lagrange.org\/wp-content\/uploads\/2010\/05\/MJ_Lagrange_005.jpg\" alt=\"\" title=\"Marie-Joseph Lagrange\" width=\"149\" height=\"220\" class=\"alignleft size-full wp-image-6\" \/><\/a>Alberto Lagrange naci\u00f3 en Bourg-en-Bresse (Francia), en la di\u00f3cesis de Belley-Ars, el 7 de marzo de 1855. Cuando ten\u00eda tres a\u00f1os recibi\u00f3 la bendici\u00f3n del santo Cura de Ars. Tras haber efectuado sus estudios en el seminario menor de Autun, se doctor\u00f3 en derecho por la Universidad de Par\u00eds. La atracci\u00f3n del alma pura de Santo Domingo de Guzm\u00e1n le gui\u00f3 hacia el seminario de Issy-les-Moulineaux (1878-1879) y acto seguido al noviciado de los frailes predicadores de la provincia de Toulouse en Saint-Maximin (Var), en donde el prior provincial, Fray Jacinto-Mar\u00eda Cormier, que ser\u00eda beatifi cado por el papa Juan-Pablo II, le revisti\u00f3 del habito blanco de los dominicos. Nada m\u00e1s acabado su noviciado en el mes de octubre de 1880, un decreto de expulsi\u00f3n de los religiosos oblig\u00f3 a todos los dominicos a salir de Francia. Los frailes de la provincia de Toulouse fueron acogidos en el convento de San Esteban en Salamanca. Fray Alberto Lagrange estudi\u00f3 all\u00ed la teolog\u00eda de Santo Tom\u00e1s de Aquino y la doctrina m\u00edstica de Santa Teresa de Avila. El dia 22 de diciembre de 1883 fue ordenado sacerdote en Zamora.<br \/>\nViendo su pasi\u00f3n por el estudio de la Biblia, sus superiores le enviaron a fundar una escuela b\u00edblica en el convento de San Esteban de Jerusal\u00e9n, cuya inauguraci\u00f3n tuvo lugar el 15 de noviembre de 1890. Desdes entonces consagr\u00f3 su existencia al servicio de la Biblia : investigador, profesor de ex\u00e9gesis, director de la Escuela b\u00edblica y de la Revue biblique (1892), autor de numerosos art\u00edculos, predicador\u2026 Vivi\u00f3 cuarenta y cinco a\u00f1os en Jerusal\u00e9n. Su libro m\u00e1s conocido sigue siendo El Evangelio de Jesuscristo traducido en m\u00faltiples lenguas.<br \/>\nGracias a su obra exeg\u00e9tica, el pensamiento cat\u00f3lico fue reconocido en los c\u00edrculos cient\u00edfi cos. Sin embargo, tuvo que afrontar las cr\u00edticas y las dificultades dolorosas para seguir adelante en su combate por la salvacion de las almas. Fiel y fervoroso, el padre Lagrange persever\u00f3 siempre al servicio de la Iglesia. En 1935, volvi\u00f3 definitivamente al convento de Saint-Maximin (Francia) por razones de salud. A los ochenta y tres a\u00f1os, subi\u00f3 al Padre el d\u00eda 10 de marzo de 1938. Sus restos mortales fueron trasladados en 1967 a la bas\u00edlica de San Esteban de Jerusal\u00e9n.<\/p>\n","protected":false},"excerpt":{"rendered":"<p>Alberto Lagrange naci\u00f3 en Bourg-en-Bresse (Francia), en la di\u00f3cesis de Belley-Ars, el 7 de marzo de 1855. Cuando ten\u00eda tres a\u00f1os recibi\u00f3 la bendici\u00f3n del santo Cura de Ars. Tras haber efectuado sus estudios en el seminario menor de Autun, se doctor\u00f3 en derecho por la Universidad de Par\u00eds. La atracci\u00f3n del alma pura de &#8230;<\/p>\n<p><a href=\"https:\/\/www.mj-lagrange.org\/?page_id=85&#038;lang=es\" class=\"more-link\">Continue reading &lsquo;Biografia&rsquo; &raquo;<\/a><\/p>\n","protected":false},"author":1,"featured_media":0,"parent":56,"menu_order":0,"comment_status":"closed","ping_status":"closed","template":"","meta":{"footnotes":""},"class_list":["post-85","page","type-page","status-publish","hentry"],"_links":{"self":[{"href":"https:\/\/www.mj-lagrange.org\/index.php?rest_route=\/wp\/v2\/pages\/85","targetHints":{"allow":["GET"]}}],"collection":[{"href":"https:\/\/www.mj-lagrange.org\/index.php?rest_route=\/wp\/v2\/pages"}],"about":[{"href":"https:\/\/www.mj-lagrange.org\/index.php?rest_route=\/wp\/v2\/types\/page"}],"author":[{"embeddable":true,"href":"https:\/\/www.mj-lagrange.org\/index.php?rest_route=\/wp\/v2\/users\/1"}],"replies":[{"embeddable":true,"href":"https:\/\/www.mj-lagrange.org\/index.php?rest_route=%2Fwp%2Fv2%2Fcomments&post=85"}],"version-history":[{"count":6,"href":"https:\/\/www.mj-lagrange.org\/index.php?rest_route=\/wp\/v2\/pages\/85\/revisions"}],"predecessor-version":[{"id":1248,"href":"https:\/\/www.mj-lagrange.org\/index.php?rest_route=\/wp\/v2\/pages\/85\/revisions\/1248"}],"up":[{"embeddable":true,"href":"https:\/\/www.mj-lagrange.org\/index.php?rest_route=\/wp\/v2\/pages\/56"}],"wp:attachment":[{"href":"https:\/\/www.mj-lagrange.org\/index.php?rest_route=%2Fwp%2Fv2%2Fmedia&parent=85"}],"curies":[{"name":"wp","href":"https:\/\/api.w.org\/{rel}","templated":true}]}}